{"id":78,"date":"2016-07-20T12:37:35","date_gmt":"2016-07-20T10:37:35","guid":{"rendered":"http:\/\/www.conflits.ch\/WP\/?page_id=78"},"modified":"2016-07-20T12:37:35","modified_gmt":"2016-07-20T10:37:35","slug":"mediation","status":"publish","type":"page","link":"https:\/\/www.conflits.ch\/index.php\/mediation\/","title":{"rendered":"M\u00e9diation"},"content":{"rendered":"<p><span class=\"titre_normal\"><strong>La m\u00e9diation : une mani\u00e8re de pr\u00e9venir et r\u00e9soudre les conflits<\/strong> <\/span><\/p>\n<p><span class=\"texte_grand\">Le conflit, la confrontation et le d\u00e9bat font enti\u00e8rement partie de la vie collective. Malheureusement, ils s&#8217;expriment souvent comme un rapport de force st\u00e9rile et co\u00fbteux.<\/p>\n<p>Entrer en conflit avec ses voisins, son conjoint ou sa conjointe, ses coll\u00e8gues de travail, les enseignants de ses enfants, ses parents ou ses propres enfants, peut amener \u00e0 la rupture de toute relation et d\u00e9boucher sur des frustrations qui portent atteinte \u00e0 la qualit\u00e9 de vie.<\/p>\n<p>La m\u00e9diation permet de cr\u00e9er les conditions dans lesquelles chaque protagoniste du conflit peut \u00eatre \u00e9cout\u00e9, exprimer ses points de vue et ses \u00e9motions. La m\u00e9diation, c&#8217;est imaginer et n\u00e9gocier ensemble des solutions \u00e0 un conflit dans un respect mutuel.<\/p>\n<p>Demander une m\u00e9diation, c&#8217;est avoir envie de trouver des moyens diff\u00e9rents, dans un cadre de respect et de confidentialit\u00e9, de r\u00e9soudre un conflit qui vous touche.<\/p>\n<p>Demander une m\u00e9diation, c&#8217;est essayer, avec la personne avec laquelle vous \u00eates en conflit et avec l&#8217;aide d&#8217;une m\u00e9diatrice ou d&#8217;un m\u00e9diateur comp\u00e9tent, de recenser toutes les ressources, les moyens, pour trouver ensemble une issue positive au conflit.<\/span><\/p>\n","protected":false},"excerpt":{"rendered":"<p>La m\u00e9diation : une mani\u00e8re de pr\u00e9venir et r\u00e9soudre les conflits Le conflit, la confrontation et le d\u00e9bat font enti\u00e8rement partie de la vie collective. Malheureusement, ils s&#8217;expriment souvent comme un rapport de force st\u00e9rile et co\u00fbteux. Entrer en conflit avec ses voisins, son conjoint ou sa conjointe, ses coll\u00e8gues de travail, les enseignants de &hellip;<\/p>\n","protected":false},"author":1,"featured_media":0,"parent":0,"menu_order":0,"comment_status":"closed","ping_status":"closed","template":"","meta":{"footnotes":""},"class_list":["post-78","page","type-page","status-publish","hentry"],"_links":{"self":[{"href":"https:\/\/www.conflits.ch\/index.php\/wp-json\/wp\/v2\/pages\/78"}],"collection":[{"href":"https:\/\/www.conflits.ch\/index.php\/wp-json\/wp\/v2\/pages"}],"about":[{"href":"https:\/\/www.conflits.ch\/index.php\/wp-json\/wp\/v2\/types\/page"}],"author":[{"embeddable":true,"href":"https:\/\/www.conflits.ch\/index.php\/wp-json\/wp\/v2\/users\/1"}],"replies":[{"embeddable":true,"href":"https:\/\/www.conflits.ch\/index.php\/wp-json\/wp\/v2\/comments?post=78"}],"version-history":[{"count":1,"href":"https:\/\/www.conflits.ch\/index.php\/wp-json\/wp\/v2\/pages\/78\/revisions"}],"predecessor-version":[{"id":80,"href":"https:\/\/www.conflits.ch\/index.php\/wp-json\/wp\/v2\/pages\/78\/revisions\/80"}],"wp:attachment":[{"href":"https:\/\/www.conflits.ch\/index.php\/wp-json\/wp\/v2\/media?parent=78"}],"curies":[{"name":"wp","href":"https:\/\/api.w.org\/{rel}","templated":true}]}}