{"id":71,"date":"2016-07-20T12:23:21","date_gmt":"2016-07-20T10:23:21","guid":{"rendered":"http:\/\/www.conflits.ch\/WP\/?page_id=71"},"modified":"2021-08-20T00:23:11","modified_gmt":"2021-08-19T22:23:11","slug":"publications","status":"publish","type":"page","link":"https:\/\/www.conflits.ch\/index.php\/publications\/","title":{"rendered":"Publications"},"content":{"rendered":"<p style=\"text-align: center;\">Florence Studer et Marc Rosset ont r\u00e9dig\u00e9 un ouvrage intitul\u00e9 &#8220;M\u00e9diation&#8221;.<br \/>\nla deuxi\u00e8me \u00e9dition est sortie en mai 2020.<\/p>\n<p style=\"text-align: center;\">Il s&#8217;agit d&#8217;un ensemble de fiches techniques ordonn\u00e9es,<br \/>\nbr\u00e8ves et synth\u00e9tiques qui traitent du processus de m\u00e9diation.<\/p>\n<p style=\"text-align: center;\">Plus d&#8217;information sur : <a href=\"https:\/\/souscription.ch\">https:\/\/souscription.ch<\/a><\/p>\n","protected":false},"excerpt":{"rendered":"<p>Florence Studer et Marc Rosset ont r\u00e9dig\u00e9 un ouvrage intitul\u00e9 &#8220;M\u00e9diation&#8221;. la deuxi\u00e8me \u00e9dition est sortie en mai 2020. Il s&#8217;agit d&#8217;un ensemble de fiches techniques ordonn\u00e9es, br\u00e8ves et synth\u00e9tiques qui traitent du processus de m\u00e9diation. Plus d&#8217;information sur : https:\/\/souscription.ch<\/p>\n","protected":false},"author":1,"featured_media":0,"parent":0,"menu_order":0,"comment_status":"closed","ping_status":"closed","template":"","meta":{"footnotes":""},"class_list":["post-71","page","type-page","status-publish","hentry"],"_links":{"self":[{"href":"https:\/\/www.conflits.ch\/index.php\/wp-json\/wp\/v2\/pages\/71"}],"collection":[{"href":"https:\/\/www.conflits.ch\/index.php\/wp-json\/wp\/v2\/pages"}],"about":[{"href":"https:\/\/www.conflits.ch\/index.php\/wp-json\/wp\/v2\/types\/page"}],"author":[{"embeddable":true,"href":"https:\/\/www.conflits.ch\/index.php\/wp-json\/wp\/v2\/users\/1"}],"replies":[{"embeddable":true,"href":"https:\/\/www.conflits.ch\/index.php\/wp-json\/wp\/v2\/comments?post=71"}],"version-history":[{"count":4,"href":"https:\/\/www.conflits.ch\/index.php\/wp-json\/wp\/v2\/pages\/71\/revisions"}],"predecessor-version":[{"id":305,"href":"https:\/\/www.conflits.ch\/index.php\/wp-json\/wp\/v2\/pages\/71\/revisions\/305"}],"wp:attachment":[{"href":"https:\/\/www.conflits.ch\/index.php\/wp-json\/wp\/v2\/media?parent=71"}],"curies":[{"name":"wp","href":"https:\/\/api.w.org\/{rel}","templated":true}]}}