{"id":68,"date":"2016-07-20T12:21:56","date_gmt":"2016-07-20T10:21:56","guid":{"rendered":"http:\/\/www.conflits.ch\/WP\/?page_id=68"},"modified":"2016-07-20T12:23:36","modified_gmt":"2016-07-20T10:23:36","slug":"livre-mediation","status":"publish","type":"page","link":"https:\/\/www.conflits.ch\/index.php\/publications\/livre-mediation\/","title":{"rendered":"Livre &#8220;M\u00e9diation&#8221;"},"content":{"rendered":"<p><img loading=\"lazy\" decoding=\"async\" src=\"http:\/\/conflits.ch\/bouquin\/mediation_couv_small.jpg\" alt=\"\" width=\"177\" height=\"298\" \/><\/p>\n<p class=\"texte_normal\"><span class=\"texte_grand\">A la lumi\u00e8re de leurs exp\u00e9riences personnelles, Florence Studer et Marc Rosset, examinent, dans cet ouvrage, l&#8217;ensemble d&#8217;un processus de m\u00e9diation. Il en r\u00e9sulte une s\u00e9rie ordonn\u00e9e de fiches techniques et pratiques.<\/span><\/p>\n<p class=\"texte_normal\" align=\"left\"><a class=\"lien_normal\" href=\"http:\/\/conflits.ch\/bouquin\/avant_gout.pdf\">D\u00e9couvrez ici la table des mati\u00e8res et quelques pages (PDF)<\/a> ainsi que <a class=\"lien_normal\" href=\"http:\/\/conflits.ch\/pdf\/liberte_2013_03_12.pdf\"> l&#8217;article r\u00e9dactionnel paru dans le quotidien La Libert\u00e9<br \/>\n<\/a><br \/>\nCe livre disponible ici : <a class=\"titre_normal\" href=\"http:\/\/www.souscription.ch\">souscription<\/a><\/p>\n<p>&nbsp;<\/p>\n","protected":false},"excerpt":{"rendered":"<p>A la lumi\u00e8re de leurs exp\u00e9riences personnelles, Florence Studer et Marc Rosset, examinent, dans cet ouvrage, l&#8217;ensemble d&#8217;un processus de m\u00e9diation. Il en r\u00e9sulte une s\u00e9rie ordonn\u00e9e de fiches techniques et pratiques. D\u00e9couvrez ici la table des mati\u00e8res et quelques pages (PDF) ainsi que l&#8217;article r\u00e9dactionnel paru dans le quotidien La Libert\u00e9 Ce livre disponible &hellip;<\/p>\n","protected":false},"author":1,"featured_media":0,"parent":71,"menu_order":0,"comment_status":"closed","ping_status":"closed","template":"","meta":{"footnotes":""},"class_list":["post-68","page","type-page","status-publish","hentry"],"_links":{"self":[{"href":"https:\/\/www.conflits.ch\/index.php\/wp-json\/wp\/v2\/pages\/68"}],"collection":[{"href":"https:\/\/www.conflits.ch\/index.php\/wp-json\/wp\/v2\/pages"}],"about":[{"href":"https:\/\/www.conflits.ch\/index.php\/wp-json\/wp\/v2\/types\/page"}],"author":[{"embeddable":true,"href":"https:\/\/www.conflits.ch\/index.php\/wp-json\/wp\/v2\/users\/1"}],"replies":[{"embeddable":true,"href":"https:\/\/www.conflits.ch\/index.php\/wp-json\/wp\/v2\/comments?post=68"}],"version-history":[{"count":1,"href":"https:\/\/www.conflits.ch\/index.php\/wp-json\/wp\/v2\/pages\/68\/revisions"}],"predecessor-version":[{"id":70,"href":"https:\/\/www.conflits.ch\/index.php\/wp-json\/wp\/v2\/pages\/68\/revisions\/70"}],"up":[{"embeddable":true,"href":"https:\/\/www.conflits.ch\/index.php\/wp-json\/wp\/v2\/pages\/71"}],"wp:attachment":[{"href":"https:\/\/www.conflits.ch\/index.php\/wp-json\/wp\/v2\/media?parent=68"}],"curies":[{"name":"wp","href":"https:\/\/api.w.org\/{rel}","templated":true}]}}