{"id":892,"date":"2023-04-26T16:23:49","date_gmt":"2023-04-26T15:23:49","guid":{"rendered":"https:\/\/www.conflits.ch\/fpce\/?page_id=892"},"modified":"2026-03-24T14:54:01","modified_gmt":"2026-03-24T13:54:01","slug":"new-agenda","status":"publish","type":"page","link":"https:\/\/www.conflits.ch\/fpce\/index.php\/new-agenda\/","title":{"rendered":"Agenda"},"content":{"rendered":"<p style=\"text-align: center;\"><em>Les cours \u00ab\u00a0AB\u00a0\u00bb sont donn\u00e9s par Anne Bersier. Les cours \u00ab\u00a0MR\u00a0\u00bb sont donn\u00e9s par Marc Rosset<\/em><\/p>\n<p style=\"text-align: center;\"><strong><a href=\"https:\/\/www.conflits.ch\/fpce\/index.php\/formulaire-dinscription\/\"><span style=\"color: #0000ff;\">Toutes les inscriptions se font ici<\/span><\/a><\/strong><\/p>\n<p><strong>Avril 2026<\/strong><\/p>\n<ul>\n<li>28 avril 2026 : Atelier de lecture<\/li>\n<\/ul>\n<p><strong>Mai 2026<\/strong><\/p>\n<ul>\n<li>19 et 20 mai 2026 : Mise en \u0153uvre de la fonction\u00a0<\/li>\n<\/ul>\n<p><strong>Juin 2026<\/strong><\/p>\n<ul>\n<li>16 et 17 juin 2026 : M\u00e9diation de groupe<\/li>\n<\/ul>\n<p><strong>Ao\u00fbt 2026<\/strong><\/p>\n<ul>\n<li>25 ao\u00fbt 2026 : Introduction \u00e0 la FPCE (Visio)\u00a0<\/li>\n<\/ul>\n<p><strong>Septembre 2026<\/strong><\/p>\n<ul>\n<li>1er et 2 septembre 2026 : Initiation \u00e0 la m\u00e9diation<\/li>\n<\/ul>\n<p><strong>Octobre 2026<\/strong><\/p>\n<ul>\n<li>13 et 14 octobre 2026 : Technique de l&rsquo;entretien<\/li>\n<\/ul>\n<p><strong>Novembre 2026<\/strong><\/p>\n<ul>\n<li>3 et 4 novembre 2026 : M\u00e9diation de conflits professionnels<\/li>\n<\/ul>\n<p><strong>D\u00e9cembre 2026<\/strong><\/p>\n<ul>\n<li>15 et 16 d\u00e9cembre 2026 : Moi, PCE\u00a0<\/li>\n<\/ul>\n\n\n<p><\/p>\n","protected":false},"excerpt":{"rendered":"<p>Les cours \u00ab\u00a0AB\u00a0\u00bb sont donn\u00e9s par Anne Bersier. Les cours \u00ab\u00a0MR\u00a0\u00bb sont donn\u00e9s par Marc Rosset Toutes les inscriptions se font ici Avril 2026 28 avril 2026 : Atelier de lecture Mai 2026 19 et 20 mai 2026 : Mise en \u0153uvre de la fonction\u00a0 Juin 2026 16 et 17 juin 2026 : M\u00e9diation de groupe Ao\u00fbt 2026 25 ao\u00fbt&hellip;<\/p>\n<p class=\"more-link-wrapper\"><a class=\"more-link\" href=\"https:\/\/www.conflits.ch\/fpce\/index.php\/new-agenda\/\">Continue<\/a><\/p>\n","protected":false},"author":1,"featured_media":0,"parent":0,"menu_order":0,"comment_status":"closed","ping_status":"closed","template":"","meta":{"footnotes":""},"class_list":["post-892","page","type-page","status-publish","hentry"],"_links":{"self":[{"href":"https:\/\/www.conflits.ch\/fpce\/index.php\/wp-json\/wp\/v2\/pages\/892","targetHints":{"allow":["GET"]}}],"collection":[{"href":"https:\/\/www.conflits.ch\/fpce\/index.php\/wp-json\/wp\/v2\/pages"}],"about":[{"href":"https:\/\/www.conflits.ch\/fpce\/index.php\/wp-json\/wp\/v2\/types\/page"}],"author":[{"embeddable":true,"href":"https:\/\/www.conflits.ch\/fpce\/index.php\/wp-json\/wp\/v2\/users\/1"}],"replies":[{"embeddable":true,"href":"https:\/\/www.conflits.ch\/fpce\/index.php\/wp-json\/wp\/v2\/comments?post=892"}],"version-history":[{"count":35,"href":"https:\/\/www.conflits.ch\/fpce\/index.php\/wp-json\/wp\/v2\/pages\/892\/revisions"}],"predecessor-version":[{"id":1217,"href":"https:\/\/www.conflits.ch\/fpce\/index.php\/wp-json\/wp\/v2\/pages\/892\/revisions\/1217"}],"wp:attachment":[{"href":"https:\/\/www.conflits.ch\/fpce\/index.php\/wp-json\/wp\/v2\/media?parent=892"}],"curies":[{"name":"wp","href":"https:\/\/api.w.org\/{rel}","templated":true}]}}