{"id":86,"date":"2016-04-18T22:43:39","date_gmt":"2016-04-18T21:43:39","guid":{"rendered":"http:\/\/www.conflits.ch\/fpce\/?page_id=86"},"modified":"2023-11-05T17:19:02","modified_gmt":"2023-11-05T16:19:02","slug":"atelier-de-lecture","status":"publish","type":"page","link":"https:\/\/www.conflits.ch\/fpce\/index.php\/cours\/atelier-de-lecture\/","title":{"rendered":"Atelier de lecture et expos\u00e9s"},"content":{"rendered":"<p class=\"normal\"><strong>Dates<\/strong><\/p>\n<p class=\"normal\" style=\"padding-left: 30px;\">Dates disponibles <strong><a href=\"http:\/\/www.conflits.ch\/fpce\/index.php\/agenda\/\">dans l&rsquo;agenda<\/a><\/strong><\/p>\n<p class=\"normal\"><span class=\"normal\"><strong>Objectifs<\/strong><\/span> <strong>et Contenu<\/strong><\/p>\n<p class=\"normal\" style=\"padding-left: 30px;\">Dans ce cours de deux jours, les \u00e9tudiants de la FPCE pr\u00e9sentent \u00e0 leur coll\u00e8gues un ouvrage qu&rsquo;ils ont choisi dans les diff\u00e9rentes bibliographies fournies.<br \/>\nIls pr\u00e9parent \u00e0 cette fin un r\u00e9sum\u00e9 de l&rsquo;ouvrage en mettant en \u00e9vidence ce qu&rsquo;ils en retirent pour la PCE.<\/p>\n<p style=\"padding-left: 40px;\">Ce cours a aussi pour objectif de travailler les bases d&rsquo;une pr\u00e9sentation devant un public particulier.<\/p>\n<p class=\"gras\"><span class=\"normal\"><strong>M\u00e9thode d\u2019enseignement<\/strong><\/span><\/p>\n<p class=\"gras\" style=\"padding-left: 30px;\"><span class=\"normal\">Expos\u00e9s r\u00e9alis\u00e9s par les \u00e9tudiants<\/span><\/p>\n<p class=\"gras\"><span class=\"normal\"><strong> Dur\u00e9e<\/strong><\/span><\/p>\n<p class=\"gras\" style=\"padding-left: 30px;\">2 jours<\/p>\n<p class=\"gras\"><span class=\"normal\"><strong>Nombre de participants<\/strong><\/span><\/p>\n<p class=\"gras\" style=\"padding-left: 30px;\"><span class=\"normal\">Minimum : 6 personnes \/ Maximum : 16 personnes <\/span><\/p>\n<p class=\"gras\"><span class=\"normal\"><strong> Prix<\/strong><\/span><\/p>\n<p class=\"gras\" style=\"padding-left: 30px;\"><span class=\"normal\">CHF 520.- par participant, (repas non-compris),<br \/>\n<\/span><span class=\"normal\">Montant \u00e0 verser sur le CCP 15-285132-1<br \/>\nIBAN CH63 0900 0000 1528 5132 1<br \/>\nau nom de Undercontrol S\u00e0rl, avant le d\u00e9but du module.<\/span><\/p>\n<p class=\"gras\"><span class=\"normal\"><strong>\u00a0 Horaire<\/strong><\/span><\/p>\n<p class=\"gras\" style=\"padding-left: 30px;\"><span class=\"normal\">L&rsquo;horaire du cours est 9h15 \u2013 12h30 et 14h00 \u2013 17h00 <\/span><\/p>\n<p class=\"gras\"><span class=\"normal\"><strong> Lieu<\/strong><\/span><\/p>\n<p class=\"gras\" style=\"padding-left: 30px;\"><span class=\"normal\">Le lieu pr\u00e9cis du cours est annonc\u00e9 sur la confirmation d&rsquo;inscription que vous recevrez par e-mail. En principe Yverdon<br \/>\n<\/span><\/p>\n<p class=\"gras\"><span class=\"normal\"><strong> Inscription<\/strong><\/span><\/p>\n<blockquote>\n<h3 class=\"gras\" style=\"padding-left: 40px;\"><span style=\"color: #0000ff;\"><a style=\"color: #0000ff;\" href=\"https:\/\/www.conflits.ch\/fpce\/index.php\/formulaire-dinscription\/\"><span class=\"lien\">En utilisant ce formulaire<\/span><\/a><\/span><\/h3>\n<p class=\"gras\"><span class=\"normal\"><strong>Attestation et Reconnaissance<\/strong><\/span><\/p>\n<\/blockquote>\n<p class=\"gras\" style=\"padding-left: 30px;\"><span class=\"normal\">Les participants re\u00e7oivent \u00e0 la fin du module une attestation de participation. <\/span><span class=\"normal\">Ce module fait partie des modules de <\/span><span class=\"lien\">la Formation de Personne de Confiance en Entreprise (FPCE)<\/span><\/p>\n<p class=\"lien\"><strong><span class=\"gras\"> Pr\u00e9requis<\/span><\/strong><\/p>\n<p class=\"lien\" style=\"padding-left: 30px;\"><span class=\"normal\">Aucun<\/span><\/p>\n","protected":false},"excerpt":{"rendered":"<p>Dates Dates disponibles dans l&rsquo;agenda Objectifs et Contenu Dans ce cours de deux jours, les \u00e9tudiants de la FPCE pr\u00e9sentent \u00e0 leur coll\u00e8gues un ouvrage qu&rsquo;ils ont choisi dans les diff\u00e9rentes bibliographies fournies. Ils pr\u00e9parent \u00e0 cette fin un r\u00e9sum\u00e9 de l&rsquo;ouvrage en mettant en \u00e9vidence ce qu&rsquo;ils en retirent pour la PCE. Ce cours a aussi pour objectif de&hellip;<\/p>\n<p class=\"more-link-wrapper\"><a class=\"more-link\" href=\"https:\/\/www.conflits.ch\/fpce\/index.php\/cours\/atelier-de-lecture\/\">Continue<\/a><\/p>\n","protected":false},"author":1,"featured_media":0,"parent":37,"menu_order":0,"comment_status":"closed","ping_status":"closed","template":"","meta":{"footnotes":""},"class_list":["post-86","page","type-page","status-publish","hentry"],"_links":{"self":[{"href":"https:\/\/www.conflits.ch\/fpce\/index.php\/wp-json\/wp\/v2\/pages\/86","targetHints":{"allow":["GET"]}}],"collection":[{"href":"https:\/\/www.conflits.ch\/fpce\/index.php\/wp-json\/wp\/v2\/pages"}],"about":[{"href":"https:\/\/www.conflits.ch\/fpce\/index.php\/wp-json\/wp\/v2\/types\/page"}],"author":[{"embeddable":true,"href":"https:\/\/www.conflits.ch\/fpce\/index.php\/wp-json\/wp\/v2\/users\/1"}],"replies":[{"embeddable":true,"href":"https:\/\/www.conflits.ch\/fpce\/index.php\/wp-json\/wp\/v2\/comments?post=86"}],"version-history":[{"count":10,"href":"https:\/\/www.conflits.ch\/fpce\/index.php\/wp-json\/wp\/v2\/pages\/86\/revisions"}],"predecessor-version":[{"id":963,"href":"https:\/\/www.conflits.ch\/fpce\/index.php\/wp-json\/wp\/v2\/pages\/86\/revisions\/963"}],"up":[{"embeddable":true,"href":"https:\/\/www.conflits.ch\/fpce\/index.php\/wp-json\/wp\/v2\/pages\/37"}],"wp:attachment":[{"href":"https:\/\/www.conflits.ch\/fpce\/index.php\/wp-json\/wp\/v2\/media?parent=86"}],"curies":[{"name":"wp","href":"https:\/\/api.w.org\/{rel}","templated":true}]}}