{"id":791,"date":"2022-08-30T11:05:36","date_gmt":"2022-08-30T10:05:36","guid":{"rendered":"https:\/\/www.conflits.ch\/fpce\/?page_id=791"},"modified":"2022-08-30T11:05:36","modified_gmt":"2022-08-30T10:05:36","slug":"conditions-generales-2","status":"publish","type":"page","link":"https:\/\/www.conflits.ch\/fpce\/index.php\/conditions-generales-2\/","title":{"rendered":"Conditions g\u00e9n\u00e9rales"},"content":{"rendered":"<p><strong>Annulation ou absence du participant :<\/strong><\/p>\n<ul>\n<li>Pour toute annulation moins de 48h avant le cours, ou absence non annonc\u00e9e,<br \/>\nla totalit\u00e9 de la fiance d&rsquo;inscription est due.<\/li>\n<li>Pour toute annulation annonc\u00e9e plus de 48h avant le cours,<br \/>\nune participation au frais administratifs de CHF 50.- est factur\u00e9e<br \/>\nsauf si une justification m\u00e9dicale ou professionnelle peut \u00eatre fournie<\/li>\n<\/ul>\n<p><strong>Annulation par l&rsquo;organisateur<\/strong><\/p>\n<p>L&rsquo;organisateur du cours s&rsquo;autorise \u00e0 annuler un cours,<br \/>\nmais au moins une semaine avant celui-ci, si le nombre de participants est insuffisant.<br \/>\nL&rsquo;\u00e9colage d\u00e9j\u00e0 encaiss\u00e9 est rembours\u00e9 int\u00e9gralement<\/p>\n","protected":false},"excerpt":{"rendered":"<p>Annulation ou absence du participant : Pour toute annulation moins de 48h avant le cours, ou absence non annonc\u00e9e, la totalit\u00e9 de la fiance d&rsquo;inscription est due. Pour toute annulation annonc\u00e9e plus de 48h avant le cours, une participation au frais administratifs de CHF 50.- est factur\u00e9e sauf si une justification m\u00e9dicale ou professionnelle peut \u00eatre fournie Annulation par l&rsquo;organisateur&hellip;<\/p>\n<p class=\"more-link-wrapper\"><a class=\"more-link\" href=\"https:\/\/www.conflits.ch\/fpce\/index.php\/conditions-generales-2\/\">Continue<\/a><\/p>\n","protected":false},"author":1,"featured_media":0,"parent":0,"menu_order":0,"comment_status":"closed","ping_status":"closed","template":"","meta":{"footnotes":""},"class_list":["post-791","page","type-page","status-publish","hentry"],"_links":{"self":[{"href":"https:\/\/www.conflits.ch\/fpce\/index.php\/wp-json\/wp\/v2\/pages\/791","targetHints":{"allow":["GET"]}}],"collection":[{"href":"https:\/\/www.conflits.ch\/fpce\/index.php\/wp-json\/wp\/v2\/pages"}],"about":[{"href":"https:\/\/www.conflits.ch\/fpce\/index.php\/wp-json\/wp\/v2\/types\/page"}],"author":[{"embeddable":true,"href":"https:\/\/www.conflits.ch\/fpce\/index.php\/wp-json\/wp\/v2\/users\/1"}],"replies":[{"embeddable":true,"href":"https:\/\/www.conflits.ch\/fpce\/index.php\/wp-json\/wp\/v2\/comments?post=791"}],"version-history":[{"count":1,"href":"https:\/\/www.conflits.ch\/fpce\/index.php\/wp-json\/wp\/v2\/pages\/791\/revisions"}],"predecessor-version":[{"id":793,"href":"https:\/\/www.conflits.ch\/fpce\/index.php\/wp-json\/wp\/v2\/pages\/791\/revisions\/793"}],"wp:attachment":[{"href":"https:\/\/www.conflits.ch\/fpce\/index.php\/wp-json\/wp\/v2\/media?parent=791"}],"curies":[{"name":"wp","href":"https:\/\/api.w.org\/{rel}","templated":true}]}}