{"id":611,"date":"2021-06-28T06:59:57","date_gmt":"2021-06-28T05:59:57","guid":{"rendered":"https:\/\/www.conflits.ch\/fpce\/?page_id=611"},"modified":"2025-07-08T17:46:13","modified_gmt":"2025-07-08T16:46:13","slug":"nos-diplomes","status":"publish","type":"page","link":"https:\/\/www.conflits.ch\/fpce\/index.php\/nos-diplomes\/","title":{"rendered":"Nos dipl\u00f4m\u00e9s"},"content":{"rendered":"<p><strong>2025<\/strong><\/p>\n<figure id=\"attachment_1162\" aria-describedby=\"caption-attachment-1162\" style=\"width: 991px\" class=\"wp-caption alignnone\"><a href=\"https:\/\/www.conflits.ch\/fpce\/wp-content\/uploads\/2025\/07\/IMG20250625162408-scaled.jpg\"><img loading=\"lazy\" decoding=\"async\" class=\"size-large wp-image-1162\" src=\"https:\/\/www.conflits.ch\/fpce\/wp-content\/uploads\/2025\/07\/IMG20250625162408-991x1024.jpg\" alt=\"\" width=\"991\" height=\"1024\" srcset=\"https:\/\/www.conflits.ch\/fpce\/wp-content\/uploads\/2025\/07\/IMG20250625162408-991x1024.jpg 991w, https:\/\/www.conflits.ch\/fpce\/wp-content\/uploads\/2025\/07\/IMG20250625162408-290x300.jpg 290w, https:\/\/www.conflits.ch\/fpce\/wp-content\/uploads\/2025\/07\/IMG20250625162408-768x794.jpg 768w, https:\/\/www.conflits.ch\/fpce\/wp-content\/uploads\/2025\/07\/IMG20250625162408-1486x1536.jpg 1486w, https:\/\/www.conflits.ch\/fpce\/wp-content\/uploads\/2025\/07\/IMG20250625162408-1982x2048.jpg 1982w, https:\/\/www.conflits.ch\/fpce\/wp-content\/uploads\/2025\/07\/IMG20250625162408-1140x1178.jpg 1140w\" sizes=\"auto, (max-width: 991px) 100vw, 991px\" \/><\/a><figcaption id=\"caption-attachment-1162\" class=\"wp-caption-text\">Nos laur\u00e9ates 2025 (de gauche \u00e0 droite) :<\/dd>\n<p><\/p>\n<dd><\/dd>\n<p><\/p>\n<dd class=\"wp-caption-dd\">Bente van Oel-Henriksen, St\u00e9phanie Pittet, Delphine Ramseyer, Bibiana Merazzi (-Tal\u00e0),Ariane de Morsier-Ducry, Esther Ca\u00f1ete, Val\u00e9rie Zaradez, Marina Markovic, Mina Rauschenbach<\/figcaption><\/figure>\n<p><strong>2024<\/strong><\/p>\n<p><a href=\"https:\/\/www.conflits.ch\/fpce\/wp-content\/uploads\/2024\/05\/2024_final-scaled.jpg\"><img loading=\"lazy\" decoding=\"async\" class=\"wp-image-1048 size-large\" src=\"https:\/\/www.conflits.ch\/fpce\/wp-content\/uploads\/2024\/05\/2024_final-1024x776.jpg\" alt=\"\" width=\"960\" height=\"728\" srcset=\"https:\/\/www.conflits.ch\/fpce\/wp-content\/uploads\/2024\/05\/2024_final-1024x776.jpg 1024w, https:\/\/www.conflits.ch\/fpce\/wp-content\/uploads\/2024\/05\/2024_final-300x227.jpg 300w, https:\/\/www.conflits.ch\/fpce\/wp-content\/uploads\/2024\/05\/2024_final-768x582.jpg 768w, https:\/\/www.conflits.ch\/fpce\/wp-content\/uploads\/2024\/05\/2024_final-1536x1163.jpg 1536w, https:\/\/www.conflits.ch\/fpce\/wp-content\/uploads\/2024\/05\/2024_final-2048x1551.jpg 2048w\" sizes=\"auto, (max-width: 960px) 100vw, 960px\" \/><\/a><\/p>\n<p><strong>Nos laur\u00e9ats 2024<\/strong><br \/>\n(de gauche \u00e0 droite et de haut en bas) :<\/p>\n<p>Eric Druliolle, C\u00e9dric Putallaz, Olinda Bubendorf, Laurence Kohli, Ljiljana Kostic , Crystel Jacquier,<br \/>\nPierre Bornet, Alexandra Leibzig, Val\u00e9rie Ingrosso, Pierre Pomares , Jean-Marie Lack<\/p>\n<p>Et ils ont tous les yeux ouverts :-))<\/p>\n<p><strong>2023<\/strong><\/p>\n<p><a href=\"https:\/\/www.conflits.ch\/fpce\/wp-content\/uploads\/2023\/07\/WhatsApp-Image-2023-07-06-at-12.10.361.jpeg\"><img loading=\"lazy\" decoding=\"async\" class=\"alignnone size-medium wp-image-935\" src=\"https:\/\/www.conflits.ch\/fpce\/wp-content\/uploads\/2023\/07\/WhatsApp-Image-2023-07-06-at-12.10.361-225x300.jpeg\" alt=\"\" width=\"225\" height=\"300\" srcset=\"https:\/\/www.conflits.ch\/fpce\/wp-content\/uploads\/2023\/07\/WhatsApp-Image-2023-07-06-at-12.10.361-225x300.jpeg 225w, https:\/\/www.conflits.ch\/fpce\/wp-content\/uploads\/2023\/07\/WhatsApp-Image-2023-07-06-at-12.10.361-768x1024.jpeg 768w, https:\/\/www.conflits.ch\/fpce\/wp-content\/uploads\/2023\/07\/WhatsApp-Image-2023-07-06-at-12.10.361-1152x1536.jpeg 1152w, https:\/\/www.conflits.ch\/fpce\/wp-content\/uploads\/2023\/07\/WhatsApp-Image-2023-07-06-at-12.10.361.jpeg 1536w\" sizes=\"auto, (max-width: 225px) 100vw, 225px\" \/><\/a><\/p>\n<p><strong>Nos laur\u00e9ates<\/strong> <strong>2023<\/strong> (de gauche \u00e0 droite et de haut en bas) :<br \/>\nElena K\u00fcttel, Sophie Cuvelliez, Caroline Martinod, Jeanne Quattropani, Ludivine Damnon,<br \/>\nAnne-C\u00e9cile Gnaegi, Jo\u00eblle Gerber, Laurence Schneider, Renata Dell&rsquo;Antonia<\/p>\n<hr \/>\n<p><strong>2022<\/strong><\/p>\n<p><a href=\"https:\/\/www.conflits.ch\/fpce\/wp-content\/uploads\/2022\/06\/IMG_20220622_163555_site.jpg\"><img loading=\"lazy\" decoding=\"async\" class=\"alignnone size-medium wp-image-769\" src=\"https:\/\/www.conflits.ch\/fpce\/wp-content\/uploads\/2022\/06\/IMG_20220622_163555_site-263x300.jpg\" alt=\"\" width=\"263\" height=\"300\" srcset=\"https:\/\/www.conflits.ch\/fpce\/wp-content\/uploads\/2022\/06\/IMG_20220622_163555_site-263x300.jpg 263w, https:\/\/www.conflits.ch\/fpce\/wp-content\/uploads\/2022\/06\/IMG_20220622_163555_site-897x1024.jpg 897w, https:\/\/www.conflits.ch\/fpce\/wp-content\/uploads\/2022\/06\/IMG_20220622_163555_site-768x877.jpg 768w, https:\/\/www.conflits.ch\/fpce\/wp-content\/uploads\/2022\/06\/IMG_20220622_163555_site-1346x1536.jpg 1346w, https:\/\/www.conflits.ch\/fpce\/wp-content\/uploads\/2022\/06\/IMG_20220622_163555_site.jpg 1441w\" sizes=\"auto, (max-width: 263px) 100vw, 263px\" \/><\/a><\/p>\n<p><strong>Nos laur\u00e9ats 2022 (de gauche \u00e0 droite)<\/strong><\/p>\n<p>Nadia Oberson Wicht, St\u00e9phanie Pantet, Catherine Marthe, Barbara Dammone, Anne-Christine Germanier, Araceli Ferreras-Varela, Andrea Oehler, Roland Constantin.<\/p>\n<p>Ne figurent pas sur la photo : Eliana Golay, Lusia Markos Shammas Asmaroo.<\/p>\n<hr \/>\n<p><strong>2021<br \/>\n<\/strong>(Ann\u00e9e particuli\u00e8re, fin de cursus \u00e9chelonn\u00e9e en raison du COVID)<strong><br \/>\n<\/strong><\/p>\n<p><a href=\"https:\/\/www.conflits.ch\/fpce\/wp-content\/uploads\/2021\/06\/2021-scaled.jpg\"><img loading=\"lazy\" decoding=\"async\" class=\"alignnone size-medium wp-image-620\" src=\"https:\/\/www.conflits.ch\/fpce\/wp-content\/uploads\/2021\/06\/2021-225x300.jpg\" alt=\"\" width=\"225\" height=\"300\" srcset=\"https:\/\/www.conflits.ch\/fpce\/wp-content\/uploads\/2021\/06\/2021-225x300.jpg 225w, https:\/\/www.conflits.ch\/fpce\/wp-content\/uploads\/2021\/06\/2021-768x1024.jpg 768w, https:\/\/www.conflits.ch\/fpce\/wp-content\/uploads\/2021\/06\/2021-1152x1536.jpg 1152w, https:\/\/www.conflits.ch\/fpce\/wp-content\/uploads\/2021\/06\/2021-1536x2048.jpg 1536w, https:\/\/www.conflits.ch\/fpce\/wp-content\/uploads\/2021\/06\/2021-scaled.jpg 1920w\" sizes=\"auto, (max-width: 225px) 100vw, 225px\" \/><\/a><\/p>\n<p><a href=\"https:\/\/www.conflits.ch\/fpce\/wp-content\/uploads\/2021\/09\/IMG_20210909_145546__01-scaled.jpg\"><img loading=\"lazy\" decoding=\"async\" class=\"alignnone size-medium wp-image-669\" src=\"https:\/\/www.conflits.ch\/fpce\/wp-content\/uploads\/2021\/09\/IMG_20210909_145546__01-300x233.jpg\" alt=\"\" width=\"300\" height=\"233\" srcset=\"https:\/\/www.conflits.ch\/fpce\/wp-content\/uploads\/2021\/09\/IMG_20210909_145546__01-300x233.jpg 300w, https:\/\/www.conflits.ch\/fpce\/wp-content\/uploads\/2021\/09\/IMG_20210909_145546__01-1024x796.jpg 1024w, https:\/\/www.conflits.ch\/fpce\/wp-content\/uploads\/2021\/09\/IMG_20210909_145546__01-768x597.jpg 768w, https:\/\/www.conflits.ch\/fpce\/wp-content\/uploads\/2021\/09\/IMG_20210909_145546__01-1536x1194.jpg 1536w, https:\/\/www.conflits.ch\/fpce\/wp-content\/uploads\/2021\/09\/IMG_20210909_145546__01-2048x1592.jpg 2048w\" sizes=\"auto, (max-width: 300px) 100vw, 300px\" \/><\/a><\/p>\n<p><strong>Laur\u00e9at 2021 (de gauche \u00e0 droite)<\/strong><br \/>\nen haut Ozlem Raminhos, Karine Bussat, Rima B\u00e2ali<br \/>\nen bas Ozlem Raminhos, Yves Bloch, Karine Bussat et Val\u00e9rie Rod<\/p>\n<hr \/>\n<p><strong>2020<\/strong><\/p>\n<p><a href=\"https:\/\/www.conflits.ch\/fpce\/wp-content\/uploads\/2021\/06\/2020.jpg\"><img loading=\"lazy\" decoding=\"async\" class=\"alignnone size-medium wp-image-617\" src=\"https:\/\/www.conflits.ch\/fpce\/wp-content\/uploads\/2021\/06\/2020-300x284.jpg\" alt=\"\" width=\"300\" height=\"284\" srcset=\"https:\/\/www.conflits.ch\/fpce\/wp-content\/uploads\/2021\/06\/2020-300x284.jpg 300w, https:\/\/www.conflits.ch\/fpce\/wp-content\/uploads\/2021\/06\/2020-1024x968.jpg 1024w, https:\/\/www.conflits.ch\/fpce\/wp-content\/uploads\/2021\/06\/2020-768x726.jpg 768w, https:\/\/www.conflits.ch\/fpce\/wp-content\/uploads\/2021\/06\/2020-1536x1452.jpg 1536w, https:\/\/www.conflits.ch\/fpce\/wp-content\/uploads\/2021\/06\/2020-2048x1936.jpg 2048w\" sizes=\"auto, (max-width: 300px) 100vw, 300px\" \/><\/a><\/p>\n<p><span class=\"break-words\"><span dir=\"ltr\"><strong>Laur\u00e9ats 2020 (de gauche \u00e0 droite) :<\/strong><\/span><\/span><\/p>\n<p>Myriam Bezen\u00e7on, Laetitia Carreras, Olivier Grunder, Karine Fornallaz, Corinne Liniger, Pierre Nendaz, Loretta Jimenez, Mich\u00e8le Cohen, V\u00e9ronique Bradley, G\u00e9raldine Gafner, Paola Kaeslin.<\/p>\n<hr \/>\n<p><strong>2019<\/strong><\/p>\n<p><strong><a href=\"https:\/\/www.conflits.ch\/fpce\/wp-content\/uploads\/2021\/06\/2019.jpg\"><img loading=\"lazy\" decoding=\"async\" class=\"alignnone size-medium wp-image-616\" src=\"https:\/\/www.conflits.ch\/fpce\/wp-content\/uploads\/2021\/06\/2019-300x225.jpg\" alt=\"\" width=\"300\" height=\"225\" srcset=\"https:\/\/www.conflits.ch\/fpce\/wp-content\/uploads\/2021\/06\/2019-300x225.jpg 300w, https:\/\/www.conflits.ch\/fpce\/wp-content\/uploads\/2021\/06\/2019-1024x768.jpg 1024w, https:\/\/www.conflits.ch\/fpce\/wp-content\/uploads\/2021\/06\/2019-768x576.jpg 768w, https:\/\/www.conflits.ch\/fpce\/wp-content\/uploads\/2021\/06\/2019-1536x1152.jpg 1536w, https:\/\/www.conflits.ch\/fpce\/wp-content\/uploads\/2021\/06\/2019-2048x1536.jpg 2048w\" sizes=\"auto, (max-width: 300px) 100vw, 300px\" \/><\/a><\/strong><\/p>\n<p><strong>Laur\u00e9ats 2019 (de gauche \u00e0 droite)<\/strong><\/p>\n<p>Anne Gueissaz, Carla Stragiotti Soares, Katia Schenkel, Jimmy Salchegger, Barbara Regamey, Manuelle Kohli, Patrizia de Marco, Vincent Gigon, Gabrielle Landry-Chapuis, Gabriela Leone, Delphine Lambercy, Catherine Delteil, Anne Duvanel, Renaud Gautier, Chantal Pasquier.<\/p>\n<hr \/>\n<p><strong>2018<\/strong><\/p>\n<p><a href=\"https:\/\/www.conflits.ch\/fpce\/wp-content\/uploads\/2021\/06\/2018.jpg\"><img loading=\"lazy\" decoding=\"async\" class=\"size-medium wp-image-615\" src=\"https:\/\/www.conflits.ch\/fpce\/wp-content\/uploads\/2021\/06\/2018-300x225.jpg\" alt=\"\" width=\"300\" height=\"225\" srcset=\"https:\/\/www.conflits.ch\/fpce\/wp-content\/uploads\/2021\/06\/2018-300x225.jpg 300w, https:\/\/www.conflits.ch\/fpce\/wp-content\/uploads\/2021\/06\/2018-1024x768.jpg 1024w, https:\/\/www.conflits.ch\/fpce\/wp-content\/uploads\/2021\/06\/2018-768x576.jpg 768w, https:\/\/www.conflits.ch\/fpce\/wp-content\/uploads\/2021\/06\/2018-1536x1152.jpg 1536w, https:\/\/www.conflits.ch\/fpce\/wp-content\/uploads\/2021\/06\/2018-2048x1536.jpg 2048w\" sizes=\"auto, (max-width: 300px) 100vw, 300px\" \/><\/a><\/p>\n<p><strong>Laur\u00e9ats 2018 (de gauche \u00e0 droite)<\/strong><\/p>\n<p>Marc Thorens, Rachel Fasel, Nathalie Ferrat, St\u00e9phane Barbey, Sonja Bibus, Jacques Dapples, Joanne Siegenthaler, Dominique Bollinger, Catalina Calderon, Carole Maslya Vernez, Sylvie Goumaz, Rebecca Pascual, Pierre-Alain Ory, Elena Gaino, Serge Ballesteros.<\/p>\n<hr \/>\n<p><strong>2017<\/strong><\/p>\n<p><a href=\"https:\/\/www.conflits.ch\/fpce\/wp-content\/uploads\/2021\/06\/2017.jpg\"><img loading=\"lazy\" decoding=\"async\" class=\"size-medium wp-image-614\" src=\"https:\/\/www.conflits.ch\/fpce\/wp-content\/uploads\/2021\/06\/2017-300x225.jpg\" alt=\"\" width=\"300\" height=\"225\" srcset=\"https:\/\/www.conflits.ch\/fpce\/wp-content\/uploads\/2021\/06\/2017-300x225.jpg 300w, https:\/\/www.conflits.ch\/fpce\/wp-content\/uploads\/2021\/06\/2017-1024x768.jpg 1024w, https:\/\/www.conflits.ch\/fpce\/wp-content\/uploads\/2021\/06\/2017-768x576.jpg 768w, https:\/\/www.conflits.ch\/fpce\/wp-content\/uploads\/2021\/06\/2017-1536x1152.jpg 1536w, https:\/\/www.conflits.ch\/fpce\/wp-content\/uploads\/2021\/06\/2017-2048x1536.jpg 2048w\" sizes=\"auto, (max-width: 300px) 100vw, 300px\" \/><\/a><\/p>\n<p><strong>Laur\u00e9ats 2017 (de gauche \u00e0 droite)<\/strong><\/p>\n<p>Daniel Scherwey, Tanya Mounier, Adrienne B\u00fchler, Isabelle Laugier, Christelle D\u00e9traz Jacquerod, Madeleine Gr\u00fcnenwald, Barbara D\u00e9praz, Christine P\u00e9clard, Veronica di Marino, Nasrine Borbor, Florence Collaud Chappuis, Estelle Hammerstr\u00f6m, Maria Isabel Alonso-Huarte.<\/p>\n<hr \/>\n<p><strong>2016<\/strong><\/p>\n<figure id=\"attachment_619\" aria-describedby=\"caption-attachment-619\" style=\"width: 300px\" class=\"wp-caption alignnone\"><a href=\"https:\/\/www.conflits.ch\/fpce\/wp-content\/uploads\/2021\/06\/laureats_2016.jpg\"><img loading=\"lazy\" decoding=\"async\" class=\"size-medium wp-image-619\" src=\"https:\/\/www.conflits.ch\/fpce\/wp-content\/uploads\/2021\/06\/laureats_2016-300x178.jpg\" alt=\"\" width=\"300\" height=\"178\" srcset=\"https:\/\/www.conflits.ch\/fpce\/wp-content\/uploads\/2021\/06\/laureats_2016-300x178.jpg 300w, https:\/\/www.conflits.ch\/fpce\/wp-content\/uploads\/2021\/06\/laureats_2016-1024x607.jpg 1024w, https:\/\/www.conflits.ch\/fpce\/wp-content\/uploads\/2021\/06\/laureats_2016-768x455.jpg 768w, https:\/\/www.conflits.ch\/fpce\/wp-content\/uploads\/2021\/06\/laureats_2016.jpg 1187w\" sizes=\"auto, (max-width: 300px) 100vw, 300px\" \/><\/a><figcaption id=\"caption-attachment-619\" class=\"wp-caption-text\"><strong>Laur\u00e9ats 2016 (de gauche \u00e0 droite)<\/strong><br \/><em>Anne Hochuli, Roger Matthey, Marinella Page,Christina Bel-Glauser, Anne Sylvie Weinmann, Catherine Gambotto, Rachel Bressoud, Victoria Heimann.<\/em><\/figcaption><\/figure>\n<hr \/>\n<p>2015<\/p>\n<p><a href=\"https:\/\/www.conflits.ch\/fpce\/wp-content\/uploads\/2021\/06\/laureats_2015_final.jpg\"><img loading=\"lazy\" decoding=\"async\" class=\"alignnone size-medium wp-image-618\" src=\"https:\/\/www.conflits.ch\/fpce\/wp-content\/uploads\/2021\/06\/laureats_2015_final-300x179.jpg\" alt=\"\" width=\"300\" height=\"179\" srcset=\"https:\/\/www.conflits.ch\/fpce\/wp-content\/uploads\/2021\/06\/laureats_2015_final-300x179.jpg 300w, https:\/\/www.conflits.ch\/fpce\/wp-content\/uploads\/2021\/06\/laureats_2015_final-1024x611.jpg 1024w, https:\/\/www.conflits.ch\/fpce\/wp-content\/uploads\/2021\/06\/laureats_2015_final-768x458.jpg 768w, https:\/\/www.conflits.ch\/fpce\/wp-content\/uploads\/2021\/06\/laureats_2015_final-1536x917.jpg 1536w, https:\/\/www.conflits.ch\/fpce\/wp-content\/uploads\/2021\/06\/laureats_2015_final.jpg 1855w\" sizes=\"auto, (max-width: 300px) 100vw, 300px\" \/><\/a><\/p>\n<p><strong>Laur\u00e9ats 2015 (de gauche \u00e0 droite)<\/strong><\/p>\n<p>Nadine Thalmann, Mina Bloudanis, Carine Veluzat, J\u00e9r\u00f4me Erard, Florence Berthoud, Sophie Schindler, Carole Chavan, C\u00e9cile Pache.<\/p>\n<hr \/>\n","protected":false},"excerpt":{"rendered":"<p>2025 2024 Nos laur\u00e9ats 2024 (de gauche \u00e0 droite et de haut en bas) : Eric Druliolle, C\u00e9dric Putallaz, Olinda Bubendorf, Laurence Kohli, Ljiljana Kostic , Crystel Jacquier, Pierre Bornet, Alexandra Leibzig, Val\u00e9rie Ingrosso, Pierre Pomares , Jean-Marie Lack Et ils ont tous les yeux ouverts :-)) 2023 Nos laur\u00e9ates 2023 (de gauche \u00e0 droite et de haut en bas)&hellip;<\/p>\n<p class=\"more-link-wrapper\"><a class=\"more-link\" href=\"https:\/\/www.conflits.ch\/fpce\/index.php\/nos-diplomes\/\">Continue<\/a><\/p>\n","protected":false},"author":1,"featured_media":0,"parent":0,"menu_order":0,"comment_status":"closed","ping_status":"closed","template":"","meta":{"footnotes":""},"class_list":["post-611","page","type-page","status-publish","hentry"],"_links":{"self":[{"href":"https:\/\/www.conflits.ch\/fpce\/index.php\/wp-json\/wp\/v2\/pages\/611","targetHints":{"allow":["GET"]}}],"collection":[{"href":"https:\/\/www.conflits.ch\/fpce\/index.php\/wp-json\/wp\/v2\/pages"}],"about":[{"href":"https:\/\/www.conflits.ch\/fpce\/index.php\/wp-json\/wp\/v2\/types\/page"}],"author":[{"embeddable":true,"href":"https:\/\/www.conflits.ch\/fpce\/index.php\/wp-json\/wp\/v2\/users\/1"}],"replies":[{"embeddable":true,"href":"https:\/\/www.conflits.ch\/fpce\/index.php\/wp-json\/wp\/v2\/comments?post=611"}],"version-history":[{"count":19,"href":"https:\/\/www.conflits.ch\/fpce\/index.php\/wp-json\/wp\/v2\/pages\/611\/revisions"}],"predecessor-version":[{"id":1165,"href":"https:\/\/www.conflits.ch\/fpce\/index.php\/wp-json\/wp\/v2\/pages\/611\/revisions\/1165"}],"wp:attachment":[{"href":"https:\/\/www.conflits.ch\/fpce\/index.php\/wp-json\/wp\/v2\/media?parent=611"}],"curies":[{"name":"wp","href":"https:\/\/api.w.org\/{rel}","templated":true}]}}