{"id":58,"date":"2016-04-12T14:29:49","date_gmt":"2016-04-12T13:29:49","guid":{"rendered":"http:\/\/www.conflits.ch\/fpce\/?page_id=58"},"modified":"2023-11-05T17:22:26","modified_gmt":"2023-11-05T16:22:26","slug":"mediation-conflits-professionnels","status":"publish","type":"page","link":"https:\/\/www.conflits.ch\/fpce\/index.php\/cours\/mediation-conflits-professionnels\/","title":{"rendered":"M\u00e9diation (conflits professionnels)"},"content":{"rendered":"<p class=\"normal\"><strong>Dates<\/strong><\/p>\n<p class=\"normal\" style=\"padding-left: 30px;\">disponibles <strong><a href=\"http:\/\/www.conflits.ch\/fpce\/index.php\/agenda\/\">dans l&rsquo;agenda<\/a><\/strong><\/p>\n<p class=\"normal\"><strong>Objectifs<\/strong> <strong>et Contenu<\/strong><\/p>\n<p style=\"padding-left: 30px;\">La m\u00e9diation est horizontale dans la verticalit\u00e9 de l&rsquo;entreprise. L&rsquo;intervention dans le cadre de conflits professionnels est particuli\u00e8re car souvent d\u00e9ploy\u00e9e dans le cadre de rapports hi\u00e9rarchiques. On analyse dans ce module les particularit\u00e9s de la relation professionnelle,<br \/>\net de notre intervention dans ce type de situations. On traite en particulier du rapport avec le mandataire.<\/p>\n<p style=\"padding-left: 30px;\">Les jeux de r\u00f4les propos\u00e9s dans ce module sont exclusivement centr\u00e9s sur cette intervention particuli\u00e8re.<\/p>\n<p class=\"gras\"><span class=\"normal\"><strong>M\u00e9thode d\u2019enseignement<\/strong><\/span><\/p>\n<p style=\"padding-left: 30px;\"><span class=\"normal\">L&rsquo;ensemble des aspects \u00e9voqu\u00e9s ci-dessus est trait\u00e9 en th\u00e9orie et en pratique.<\/span>En particulier au moyen de jeux de r\u00f4les dans lesquels les \u00e9tudiants sont plac\u00e9s respectivement en position de m\u00e9diateur, partie au conflit ou observateur.<\/p>\n<p class=\"gras\"><span class=\"normal\"><strong> Dur\u00e9e<\/strong><\/span><\/p>\n<p class=\"gras\" style=\"padding-left: 30px;\"><span class=\"normal\">2 journ\u00e9es (13h.) <\/span><\/p>\n<p class=\"gras\"><span class=\"normal\"><strong> Nombre de participants<\/strong><\/span><\/p>\n<p class=\"gras\" style=\"padding-left: 30px;\"><span class=\"normal\">Minimum : 6 personnes \/ Maximum : 16 personnes <\/span><\/p>\n<p class=\"gras\"><span class=\"normal\"><strong>Prix <\/strong><\/span><span class=\"normal\">520.- par participant, (repas non-compris),<br \/>\nMontant \u00e0 verser sur le CCP CCP 15-285132-1<br \/>\nIBAN CH63 0900 0000 1528 5132 1<br \/>\nau nom de Undercontrol S\u00e0rl, avant le d\u00e9but du module.<br \/>\n<\/span><\/p>\n<p class=\"gras\"><span class=\"normal\"><strong>Horaire<\/strong><\/span><\/p>\n<p class=\"gras\" style=\"padding-left: 30px;\"><span class=\"normal\">L&rsquo;horaire du cours est 9h15 \u2013 12h30 et 14h00 \u2013 17h00 <\/span><\/p>\n<p class=\"gras\"><span class=\"normal\"><strong> Lieu<\/strong><\/span><\/p>\n<p class=\"gras\" style=\"padding-left: 30px;\"><span class=\"normal\">Le lieu pr\u00e9cis du cours est annonc\u00e9 sur la confirmation d&rsquo;inscription que vous recevrez par courrier \u00e0 domicile.<\/span><\/p>\n<p class=\"gras\"><span class=\"normal\"><strong> Inscription<\/strong><\/span><\/p>\n<p class=\"gras\" style=\"padding-left: 30px;\"><a href=\"https:\/\/www.conflits.ch\/fpce\/index.php\/formulaire-dinscription\/\"><span class=\"normal\"><strong>En utilisant le formulaire \u00e0 disposition sur le site<\/strong>.\u00a0<\/span><\/a><\/p>\n<p class=\"gras\"><span class=\"normal\"><strong>Attestation et Reconnaissance<\/strong><\/span><\/p>\n<p class=\"gras\"><span class=\"normal\">Les participants re\u00e7oivent \u00e0 la fin du module une attestation de participation.Ce module fait partie des modules de <\/span><span class=\"lien\">la Formation de Personne de Confiance en Entreprise (FPCE)<\/span><\/p>\n<p class=\"lien\"><strong><span class=\"gras\">Pr\u00e9requis<\/span><\/strong><\/p>\n<p class=\"lien\" style=\"padding-left: 30px;\"><span class=\"normal\">Avoir suivi une initiation \u00e0 la m\u00e9diation<\/span><\/p>\n","protected":false},"excerpt":{"rendered":"<p>Dates disponibles dans l&rsquo;agenda Objectifs et Contenu La m\u00e9diation est horizontale dans la verticalit\u00e9 de l&rsquo;entreprise. L&rsquo;intervention dans le cadre de conflits professionnels est particuli\u00e8re car souvent d\u00e9ploy\u00e9e dans le cadre de rapports hi\u00e9rarchiques. On analyse dans ce module les particularit\u00e9s de la relation professionnelle, et de notre intervention dans ce type de situations. On traite en particulier du rapport&hellip;<\/p>\n<p class=\"more-link-wrapper\"><a class=\"more-link\" href=\"https:\/\/www.conflits.ch\/fpce\/index.php\/cours\/mediation-conflits-professionnels\/\">Continue<\/a><\/p>\n","protected":false},"author":1,"featured_media":0,"parent":37,"menu_order":0,"comment_status":"closed","ping_status":"closed","template":"","meta":{"footnotes":""},"class_list":["post-58","page","type-page","status-publish","hentry"],"_links":{"self":[{"href":"https:\/\/www.conflits.ch\/fpce\/index.php\/wp-json\/wp\/v2\/pages\/58","targetHints":{"allow":["GET"]}}],"collection":[{"href":"https:\/\/www.conflits.ch\/fpce\/index.php\/wp-json\/wp\/v2\/pages"}],"about":[{"href":"https:\/\/www.conflits.ch\/fpce\/index.php\/wp-json\/wp\/v2\/types\/page"}],"author":[{"embeddable":true,"href":"https:\/\/www.conflits.ch\/fpce\/index.php\/wp-json\/wp\/v2\/users\/1"}],"replies":[{"embeddable":true,"href":"https:\/\/www.conflits.ch\/fpce\/index.php\/wp-json\/wp\/v2\/comments?post=58"}],"version-history":[{"count":6,"href":"https:\/\/www.conflits.ch\/fpce\/index.php\/wp-json\/wp\/v2\/pages\/58\/revisions"}],"predecessor-version":[{"id":969,"href":"https:\/\/www.conflits.ch\/fpce\/index.php\/wp-json\/wp\/v2\/pages\/58\/revisions\/969"}],"up":[{"embeddable":true,"href":"https:\/\/www.conflits.ch\/fpce\/index.php\/wp-json\/wp\/v2\/pages\/37"}],"wp:attachment":[{"href":"https:\/\/www.conflits.ch\/fpce\/index.php\/wp-json\/wp\/v2\/media?parent=58"}],"curies":[{"name":"wp","href":"https:\/\/api.w.org\/{rel}","templated":true}]}}