{"id":55,"date":"2016-04-10T15:12:13","date_gmt":"2016-04-10T14:12:13","guid":{"rendered":"http:\/\/www.conflits.ch\/fpce\/?page_id=55"},"modified":"2021-05-30T08:23:42","modified_gmt":"2021-05-30T07:23:42","slug":"mediation-de-groupe","status":"publish","type":"page","link":"https:\/\/www.conflits.ch\/fpce\/index.php\/cours\/mediation-de-groupe\/","title":{"rendered":"M\u00e9diation de groupe"},"content":{"rendered":"<p class=\"gras\"><strong>Dates<\/strong><\/p>\n<p class=\"gras\" style=\"padding-left: 30px;\">disponibles <strong><a href=\"http:\/\/www.conflits.ch\/fpce\/index.php\/agenda\/\">dans l&rsquo;agenda<\/a><\/strong><\/p>\n<p class=\"normal\"><span class=\"normal\"><strong>Objectifs<\/strong><\/span> <strong>et Contenu<\/strong><\/p>\n<p class=\"normal\" style=\"padding-left: 30px;\">Travailler en groupe oblige le m\u00e9diateur \u00e0 adapter ses m\u00e9thodes et techniques. On explore dans ce module les fondements de la dynamique de groupe, ainsi que les outils sp\u00e9cifiques \u00e0 la m\u00e9diation dans ce type d&rsquo;intervention.<\/p>\n<p class=\"normal\" style=\"padding-left: 30px;\">Ce cours est donn\u00e9 avec un grand effectif dans l&rsquo;id\u00e9e de pouvoir travailler en jeux de r\u00f4les sur des situations \u00e0 parties multiples.<\/p>\n<p class=\"gras\"><span class=\"normal\"><strong> M\u00e9thode d\u2019enseignement<\/strong><\/span><\/p>\n<p style=\"padding-left: 30px;\"><span class=\"normal\">L&rsquo;ensemble des aspects \u00e9voqu\u00e9s ci-dessus est trait\u00e9 en th\u00e9orie et en pratique.<\/span>En particulier au moyen de jeux de r\u00f4les dans lesquels les \u00e9tudiants sont plac\u00e9s respectivement en position de m\u00e9diateur, partie au conflit ou observateur.<\/p>\n<p class=\"gras\"><span class=\"normal\"><strong>Dur\u00e9e<\/strong><\/span><\/p>\n<p class=\"gras\" style=\"padding-left: 30px;\"><span class=\"normal\">2 jours<br \/>\n<\/span><\/p>\n<p class=\"gras\"><span class=\"normal\"><strong>Nombre de participants<\/strong><\/span><\/p>\n<p class=\"gras\" style=\"padding-left: 30px;\"><span class=\"normal\">Minimum : 20 personnes \/ Maximum : 40 personnes <\/span><\/p>\n<p class=\"gras\"><span class=\"normal\"><strong> Prix<\/strong><\/span><\/p>\n<p class=\"gras\" style=\"padding-left: 30px;\"><span class=\"normal\">CHF 520.- par participant, (repas et pauses non compris),<br \/>\nMontant \u00e0 verser sur le CCP 14-973282-6, IBAN CH33 0900 0000 1497 3282 6 ,<br \/>\nau nom de l&rsquo;ASPCE, avant le d\u00e9but du module.<br \/>\n<\/span><\/p>\n<p class=\"gras\"><span class=\"normal\"><strong> Horaire<\/strong><\/span><\/p>\n<p class=\"gras\" style=\"padding-left: 30px;\"><span class=\"normal\">L&rsquo;horaire du cours est 9h15 \u2013 12h30 et 14h00 \u2013 17h00 <\/span><\/p>\n<p class=\"gras\"><span class=\"normal\"><strong> Lieu<\/strong><\/span><\/p>\n<p class=\"gras\" style=\"padding-left: 30px;\"><span class=\"normal\">Ce cours est en principe donn\u00e9 \u00e0 Yverdon<\/span><\/p>\n<p class=\"gras\"><span class=\"normal\"><strong>Inscription<\/strong><\/span><\/p>\n<p class=\"gras\" style=\"padding-left: 30px;\"><a href=\"https:\/\/www.conflits.ch\/fpce\/index.php\/formulaire-dinscription\/\"><span class=\"normal\">En utilisant le formulaire \u00e0 disposition sur le site.\u00a0<\/span><\/a><\/p>\n<p class=\"gras\"><span class=\"normal\"><strong>Attestation et Reconnaissance<\/strong><\/span><\/p>\n<p class=\"gras\" style=\"padding-left: 30px;\"><span class=\"normal\">Les participants re\u00e7oivent \u00e0 la fin du module une attestation de participation. <\/span><span class=\"normal\">Ce module fait partie des modules de <\/span><span class=\"lien\">la Formation de Personne de Confiance en Entreprise (FPCE)<\/span><\/p>\n<p class=\"lien\"><strong><span class=\"gras\"> Pr\u00e9requis<\/span><\/strong><\/p>\n<p class=\"lien\" style=\"padding-left: 30px;\"><span class=\"normal\">Avoir suivi une initiation \u00e0 la m\u00e9diation<\/span><\/p>\n","protected":false},"excerpt":{"rendered":"<p>Dates disponibles dans l&rsquo;agenda Objectifs et Contenu Travailler en groupe oblige le m\u00e9diateur \u00e0 adapter ses m\u00e9thodes et techniques. On explore dans ce module les fondements de la dynamique de groupe, ainsi que les outils sp\u00e9cifiques \u00e0 la m\u00e9diation dans ce type d&rsquo;intervention. Ce cours est donn\u00e9 avec un grand effectif dans l&rsquo;id\u00e9e de pouvoir travailler en jeux de r\u00f4les&hellip;<\/p>\n<p class=\"more-link-wrapper\"><a class=\"more-link\" href=\"https:\/\/www.conflits.ch\/fpce\/index.php\/cours\/mediation-de-groupe\/\">Continue<\/a><\/p>\n","protected":false},"author":1,"featured_media":0,"parent":37,"menu_order":0,"comment_status":"closed","ping_status":"closed","template":"","meta":{"footnotes":""},"class_list":["post-55","page","type-page","status-publish","hentry"],"_links":{"self":[{"href":"https:\/\/www.conflits.ch\/fpce\/index.php\/wp-json\/wp\/v2\/pages\/55","targetHints":{"allow":["GET"]}}],"collection":[{"href":"https:\/\/www.conflits.ch\/fpce\/index.php\/wp-json\/wp\/v2\/pages"}],"about":[{"href":"https:\/\/www.conflits.ch\/fpce\/index.php\/wp-json\/wp\/v2\/types\/page"}],"author":[{"embeddable":true,"href":"https:\/\/www.conflits.ch\/fpce\/index.php\/wp-json\/wp\/v2\/users\/1"}],"replies":[{"embeddable":true,"href":"https:\/\/www.conflits.ch\/fpce\/index.php\/wp-json\/wp\/v2\/comments?post=55"}],"version-history":[{"count":10,"href":"https:\/\/www.conflits.ch\/fpce\/index.php\/wp-json\/wp\/v2\/pages\/55\/revisions"}],"predecessor-version":[{"id":597,"href":"https:\/\/www.conflits.ch\/fpce\/index.php\/wp-json\/wp\/v2\/pages\/55\/revisions\/597"}],"up":[{"embeddable":true,"href":"https:\/\/www.conflits.ch\/fpce\/index.php\/wp-json\/wp\/v2\/pages\/37"}],"wp:attachment":[{"href":"https:\/\/www.conflits.ch\/fpce\/index.php\/wp-json\/wp\/v2\/media?parent=55"}],"curies":[{"name":"wp","href":"https:\/\/api.w.org\/{rel}","templated":true}]}}