{"id":537,"date":"2021-01-17T10:09:38","date_gmt":"2021-01-17T09:09:38","guid":{"rendered":"https:\/\/www.conflits.ch\/fpce\/?page_id=537"},"modified":"2025-09-12T07:59:07","modified_gmt":"2025-09-12T06:59:07","slug":"home","status":"publish","type":"page","link":"https:\/\/www.conflits.ch\/fpce\/","title":{"rendered":"Home"},"content":{"rendered":"<h3 style=\"text-align: center;\"><span style=\"color: #0000ff;\">Formation de Personne de Confiance en Entreprise<\/span><\/h3>\n<h3><\/h3>\n<h3 class=\"normal\">FPCE &#8230; choisissez l&rsquo;original <strong><br \/>\n<\/strong><\/h3>\n<p style=\"padding-left: 40px;\"><strong>La Formation de Personne de Confiance (FPCE) existe depuis 10 ans.<\/strong><br \/>\n<strong>Elle a impos\u00e9 un standard de qualit\u00e9 reconnu avec un cursus de 22 jours.<\/strong><\/p>\n<p style=\"padding-left: 40px;\"><strong>Un minimum selon ses fondateurs pour exercer la profession<br \/>\nde Personne de Confiance en Entreprise.<br \/>\n<\/strong><\/p>\n<p style=\"padding-left: 40px;\"><strong><span style=\"color: #0000ff;\">L&rsquo;agenda des cours jusqu&rsquo;au 30.06.2026 est <\/span><span style=\"color: #0000ff;\"><a href=\"https:\/\/www.conflits.ch\/fpce\/index.php\/new-agenda\/\">disponible.<\/a><\/span><\/strong><\/p>\n<hr \/>\n<p style=\"padding-left: 40px;\"><span style=\"color: #ff0000;\"><strong>20 milliards par an<\/strong><\/span>, c&rsquo;est le co\u00fbt des risques psychosociaux estim\u00e9 par l&rsquo;OCDE en Suisse.<br \/>\nDans les mesure de pr\u00e9vention, le SECO propose la mise en \u0153uvre d&rsquo;une personne de confiance.<\/p>\n<h4><strong>D\u00e9finition et Objectifs<\/strong><\/h4>\n<p style=\"padding-left: 40px;\">Faisant suite \u00e0 un <a class=\"lien\" href=\"http:\/\/conflits.ch\/pdf\/ATF_9_mai_2012.pdf\">arr\u00eat du Tribunal F\u00e9d\u00e9ral de mai 2012<\/a> et dans la ligne des <a class=\"lien\" href=\"http:\/\/conflits.ch\/pdf\/seco_commentaires_OLT3.pdf\">commentaires du SECO sur l&rsquo;OLT3<\/a>, chaque entreprise devrait disposer d&rsquo;un dispositif de pr\u00e9vention et de traitement des risques psycho sociaux quelle que soit sa taille. La mise en \u0153uvre d&rsquo;une personne de confiance est une mani\u00e8re de r\u00e9pondre \u00e0 cette demande.<\/p>\n<p class=\"normal\" style=\"padding-left: 40px;\">Essentiellement, la PCE re\u00e7oit en entretien individuel <strong>confidentiel<\/strong> les cadres et collaborateurs qui pr\u00e9sentent un \u00e9tat de souffrance professionnelle et qui en font la demande.<br \/>\nLa PCE entend la personne qui la sollicite de mani\u00e8re totalement confidentielle et cherche avec elle la meilleure mani\u00e8re de traiter la situation expos\u00e9e.<\/p>\n<p class=\"normal\" style=\"padding-left: 40px;\">La PCE propose \u00e9ventuellement la m\u00e9diation ou oriente si n\u00e9cessaire sur une autre ressource.<br \/>\nElle peut aussi proposer l&rsquo;ouverture d&rsquo;une enqu\u00eate, qu&rsquo;elle ne conduira pas elle-m\u00eame, pour pr\u00e9server sa position de neutralit\u00e9 bienveillante.<\/p>\n<p style=\"padding-left: 40px;\">Le cursus propos\u00e9 (<a href=\"https:\/\/www.conflits.ch\/fpce\/index.php\/page-d-exemple\/\"><span style=\"color: #0000ff;\">contenu de la FPCE<\/span><\/a>)\u00a0 est une base minimale pour exercer cette fonction, il est compos\u00e9 d&rsquo;un ensemble de modules s\u00e9par\u00e9s que les candidats doivent suivre pour se voir d\u00e9cerner le titre prot\u00e9g\u00e9 de <strong>Personne de Confiance ASPCE \u00ae.<br \/>\n<\/strong>Des \u00e9quivalences peuvent \u00eatre accord\u00e9es pour certains modules<strong>.<br \/>\n<\/strong><\/p>\n<p style=\"padding-left: 40px;\">Le Secr\u00e9tariat \u00e0 l&rsquo;\u00e9conomie <a href=\"https:\/\/www.seco.admin.ch\/seco\/fr\/home\/Arbeit\/Arbeitsbedingungen\/gesundheitsschutz-am-arbeitsplatz\/Psychosoziale-Risiken-am-Arbeitsplatz\/Fachstellen.html\">r\u00e9f\u00e9rence<\/a> l&rsquo;Association Suisse des Personnes de Confiance en Entreprise (ASPCE) au rang des Services sp\u00e9cialis\u00e9s dans le traitement des risques psychosociaux au travail.<\/p>\n<p style=\"padding-left: 40px;\">Le programme est \u00e9tabli pour permettre aux candidats d&rsquo;obtenir leur dipl\u00f4me sur un an de septembre \u00e0 juin, mais la dur\u00e9e peut \u00eatre prolong\u00e9e sans autre.<\/p>\n<h4><strong><span class=\"normal\">M\u00e9thode d\u2019enseignement<\/span><\/strong><\/h4>\n<p style=\"padding-left: 40px;\"><span class=\"normal\">Dans les modules qui composent ce cursus, il y a en permanence alternance entre des moments de th\u00e9ories et des moments de mise en situation pratique. <\/span>Les modules sont compl\u00e9t\u00e9s par une assistance individuelle \u00e0 la mise en \u0153uvre de la fonction de PCE. <span class=\"normal\">Tous les cours de la FPCE sont donn\u00e9s en fran\u00e7ais<\/span>.<\/p>\n<h4 class=\"gras\"><strong><span class=\"normal\">D<\/span><span class=\"gras\">ur\u00e9e<\/span><\/strong><\/h4>\n<p class=\"gras\" style=\"padding-left: 40px;\"><span class=\"normal\">Les modules pr\u00e9vus sont tous des modules de un ou deux jours<\/span>, <span class=\"normal\">l&rsquo;ensemble de la formation comporte 22 jours de cours. <\/span>L&rsquo;\u00e9tudiant peut <span class=\"normal\">faire son planning personnel en fonction de ses disponibilit\u00e9s et \u00e9taler la formation sur plusieurs cycles<\/span>.<\/p>\n<h4 class=\"gras\"><strong><span class=\"gras\">Nombre de participants<\/span><\/strong><\/h4>\n<p class=\"gras\" style=\"padding-left: 40px;\"><span class=\"normal\">Le nombre de participants d\u00e9pend du module, en principe il y a au minimum 6 personnes et au maximum 20 personnes <\/span><\/p>\n<h4 class=\"gras\"><strong><span class=\"gras\">Horaire<\/span><\/strong><\/h4>\n<p class=\"gras\" style=\"padding-left: 40px;\"><span class=\"normal\">Les cours ont en principe toujours lieu de 9h15 \u00e0 12h30 et de 14h00 \u00e0 17h00<br \/>\n<\/span><\/p>\n<h4 class=\"gras\"><strong><span class=\"gras\">Lieu<\/span><\/strong><\/h4>\n<p class=\"gras\" style=\"padding-left: 40px;\"><span class=\"normal\">Le lieu pr\u00e9cis du cours est annonc\u00e9 sur la confirmation d&rsquo;inscription que vous recevez pour chaque module par mail ou par courrier \u00e0 domicile. <\/span><span class=\"normal\">Les cours sont donn\u00e9s en principe \u00e0 Yverdon,<br \/>\ncertains cours sont donn\u00e9s \u00e0 Lausanne ou en visioconf\u00e9rence.<br \/>\n<\/span><\/p>\n<h4 class=\"normal\"><strong><span class=\"gras\">Inscription<\/span><\/strong><\/h4>\n<p class=\"normal\" style=\"padding-left: 40px;\">Pour les \u00e9tudiants qui souhaitent obtenir obtenir la certification finale, un dossier doit \u00eatre adress\u00e9 aux formateurs par e-mail (anne.bersier@bluewin.ch) avec une lettre de motivation et un curriculum vitae \u00e0 jour. Les inscriptions peuvent se faire par module individuel. Les \u00e9tudiants qui ont, par le pass\u00e9, suivi l&rsquo;un ou l&rsquo;autre des cours de cette formation obtiennent une \u00e9quivalence sur pr\u00e9sentation de leur attestation de cours. Les candidats qui justifient d&rsquo;une exp\u00e9rience dans l&rsquo;un ou l&rsquo;autre des domaines enseign\u00e9s peuvent aussi obtenir, sur demande \u00e9crite, une \u00e9quivalence. Les modalit\u00e9s d&rsquo;inscription sont pr\u00e9cis\u00e9es <a href=\"http:\/\/www.conflits.ch\/fpce\/index.php\/inscription\/\">sur cette page<\/a>.<\/p>\n<h4 class=\"normal\"><strong><span class=\"gras\"> Attestation et Reconnaissance<\/span><\/strong><\/h4>\n<p style=\"padding-left: 40px;\">Les participants qui ont suivi l&rsquo;ensemble des modules pr\u00e9vus, ou qui ont obtenus les \u00e9quivalences n\u00e9cessaires obtiennent le titre prot\u00e9g\u00e9 de \u00ab\u00a0<strong>Personne de Confiance ASPCE\u00ae<\/strong>\u00ab\u00a0,<br \/>\ntitre d\u00e9cern\u00e9 par l&rsquo;Association Suisse des Personnes de Confiance en Entreprise (ASPCE).<\/p>\n","protected":false},"excerpt":{"rendered":"<p>Formation de Personne de Confiance en Entreprise FPCE &#8230; choisissez l&rsquo;original La Formation de Personne de Confiance (FPCE) existe depuis 10 ans. Elle a impos\u00e9 un standard de qualit\u00e9 reconnu avec un cursus de 22 jours. Un minimum selon ses fondateurs pour exercer la profession de Personne de Confiance en Entreprise. L&rsquo;agenda des cours jusqu&rsquo;au 30.06.2026 est disponible. 20 milliards&hellip;<\/p>\n<p class=\"more-link-wrapper\"><a class=\"more-link\" href=\"https:\/\/www.conflits.ch\/fpce\/\">Continue<\/a><\/p>\n","protected":false},"author":1,"featured_media":0,"parent":0,"menu_order":0,"comment_status":"closed","ping_status":"closed","template":"","meta":{"footnotes":""},"class_list":["post-537","page","type-page","status-publish","hentry"],"_links":{"self":[{"href":"https:\/\/www.conflits.ch\/fpce\/index.php\/wp-json\/wp\/v2\/pages\/537","targetHints":{"allow":["GET"]}}],"collection":[{"href":"https:\/\/www.conflits.ch\/fpce\/index.php\/wp-json\/wp\/v2\/pages"}],"about":[{"href":"https:\/\/www.conflits.ch\/fpce\/index.php\/wp-json\/wp\/v2\/types\/page"}],"author":[{"embeddable":true,"href":"https:\/\/www.conflits.ch\/fpce\/index.php\/wp-json\/wp\/v2\/users\/1"}],"replies":[{"embeddable":true,"href":"https:\/\/www.conflits.ch\/fpce\/index.php\/wp-json\/wp\/v2\/comments?post=537"}],"version-history":[{"count":38,"href":"https:\/\/www.conflits.ch\/fpce\/index.php\/wp-json\/wp\/v2\/pages\/537\/revisions"}],"predecessor-version":[{"id":1182,"href":"https:\/\/www.conflits.ch\/fpce\/index.php\/wp-json\/wp\/v2\/pages\/537\/revisions\/1182"}],"wp:attachment":[{"href":"https:\/\/www.conflits.ch\/fpce\/index.php\/wp-json\/wp\/v2\/media?parent=537"}],"curies":[{"name":"wp","href":"https:\/\/api.w.org\/{rel}","templated":true}]}}