{"id":51,"date":"2016-04-08T07:37:43","date_gmt":"2016-04-08T06:37:43","guid":{"rendered":"http:\/\/www.conflits.ch\/fpce\/?page_id=51"},"modified":"2023-11-05T17:21:50","modified_gmt":"2023-11-05T16:21:50","slug":"lentretien-individuel","status":"publish","type":"page","link":"https:\/\/www.conflits.ch\/fpce\/index.php\/cours\/lentretien-individuel\/","title":{"rendered":"L&rsquo;entretien individuel"},"content":{"rendered":"<p class=\"gras\"><strong>Dates<\/strong><\/p>\n<p class=\"gras\" style=\"padding-left: 30px;\"><span class=\"normal\">disponibles <strong><a href=\"http:\/\/www.conflits.ch\/fpce\/index.php\/agenda\/\">dans l&rsquo;agenda<\/a><\/strong><br \/>\n<\/span><\/p>\n<p class=\"normal\"><span class=\"normal\"><strong>Objectifs<\/strong><\/span> <strong>et Contenu<\/strong><\/p>\n<p style=\"padding-left: 30px;\">Le m\u00e9diateur comme la PCE passent la plus grande partie de leur temps en entretien individuel. Souvent ce premier entretien permettra \u00e0 la siutation de se r\u00e9gler d&rsquo;elle-m\u00eame, il est donc fondamental de s&rsquo;interroger en profondeur sur ce moment particulier.<\/p>\n<p style=\"padding-left: 30px;\">On aborde dans ce cours les techniques d&rsquo;entretien ainsi que le d\u00e9roulement, les fonctions et le objectifs de cette premi\u00e8re rencontre.<\/p>\n<p><span class=\"normal\"><strong>M\u00e9thode d\u2019enseignement<\/strong><\/span><\/p>\n<p style=\"padding-left: 30px;\"><span class=\"normal\">L&rsquo;ensemble des aspects \u00e9voqu\u00e9s ci-dessus est trait\u00e9 en th\u00e9orie et en pratique. <\/span>En particulier au moyen de jeux de r\u00f4les dans lesquels les \u00e9tudiants sont plac\u00e9s respectivement en position de PCE, m\u00e9diateur, partie au conflit ou observateur.<\/p>\n<p class=\"gras\"><span class=\"normal\"><strong> Dur\u00e9e<\/strong><\/span><\/p>\n<p class=\"gras\" style=\"padding-left: 30px;\"><span class=\"normal\">2 journ\u00e9es (13h.) <\/span><\/p>\n<p class=\"gras\"><span class=\"normal\"><strong>Nombre de participants<\/strong><\/span><\/p>\n<p class=\"gras\" style=\"padding-left: 30px;\"><span class=\"normal\">Minimum : 6 personnes \/ Maximum : 16 personnes <\/span><\/p>\n<p class=\"gras\"><span class=\"normal\"><strong> Prix<\/strong><\/span><\/p>\n<p class=\"gras\" style=\"padding-left: 30px;\"><span class=\"normal\">CHF 520.- par participant, (repas non-compris),<br \/>\nMontant \u00e0 verser sur le CCP CCP 15-285132-1<br \/>\nIBAN CH63 0900 0000 1528 5132 1<br \/>\nau nom de Undercontrol S\u00e0rl, avant le d\u00e9but du module.<br \/>\n<\/span><\/p>\n<p class=\"gras\"><span class=\"normal\"><strong> Horaire<\/strong><\/span><\/p>\n<p class=\"gras\" style=\"padding-left: 30px;\"><span class=\"normal\">L&rsquo;horaire du cours est 9h15 \u2013 12h30 et 14h00 \u2013 17h00 <\/span><\/p>\n<p class=\"gras\"><span class=\"normal\"><strong> Lieu<\/strong><\/span><\/p>\n<p class=\"gras\" style=\"padding-left: 30px;\"><span class=\"normal\">Le lieu pr\u00e9cis du cours est annonc\u00e9 sur la confirmation d&rsquo;inscription que vous<br \/>\nrecevrez par e-mail<\/span><\/p>\n<p class=\"gras\"><span class=\"normal\"><strong> Inscription<\/strong><\/span><\/p>\n<p class=\"gras\" style=\"padding-left: 30px;\"><a href=\"https:\/\/www.conflits.ch\/fpce\/index.php\/formulaire-dinscription\/\"><span class=\"lien\"><strong>En utilisant le formulaire \u00e0 disposition sur le site<\/strong><\/span><span class=\"normal\">.\u00a0<\/span><\/a><\/p>\n<p class=\"gras\"><span class=\"normal\"><strong> Attestation et Reconnaissance<\/strong><\/span><\/p>\n<p class=\"gras\" style=\"padding-left: 30px;\"><span class=\"normal\">Les participants re\u00e7oivent \u00e0 la fin du module une attestation de participation. <\/span><span class=\"normal\">Ce module fait partie des modules de <\/span><span class=\"lien\">la Formation de Personne de Confiance en Entreprise (FPCE)<\/span><\/p>\n<p class=\"lien\"><span class=\"gras\"><strong> Pr\u00e9requis<\/strong> <\/span><\/p>\n<p class=\"lien\" style=\"padding-left: 30px;\"><span class=\"normal\">Avoir suivi une initiation \u00e0 la m\u00e9diation<\/span><\/p>\n","protected":false},"excerpt":{"rendered":"<p>Dates disponibles dans l&rsquo;agenda Objectifs et Contenu Le m\u00e9diateur comme la PCE passent la plus grande partie de leur temps en entretien individuel. Souvent ce premier entretien permettra \u00e0 la siutation de se r\u00e9gler d&rsquo;elle-m\u00eame, il est donc fondamental de s&rsquo;interroger en profondeur sur ce moment particulier. On aborde dans ce cours les techniques d&rsquo;entretien ainsi que le d\u00e9roulement, les&hellip;<\/p>\n<p class=\"more-link-wrapper\"><a class=\"more-link\" href=\"https:\/\/www.conflits.ch\/fpce\/index.php\/cours\/lentretien-individuel\/\">Continue<\/a><\/p>\n","protected":false},"author":1,"featured_media":0,"parent":37,"menu_order":0,"comment_status":"closed","ping_status":"closed","template":"","meta":{"footnotes":""},"class_list":["post-51","page","type-page","status-publish","hentry"],"_links":{"self":[{"href":"https:\/\/www.conflits.ch\/fpce\/index.php\/wp-json\/wp\/v2\/pages\/51","targetHints":{"allow":["GET"]}}],"collection":[{"href":"https:\/\/www.conflits.ch\/fpce\/index.php\/wp-json\/wp\/v2\/pages"}],"about":[{"href":"https:\/\/www.conflits.ch\/fpce\/index.php\/wp-json\/wp\/v2\/types\/page"}],"author":[{"embeddable":true,"href":"https:\/\/www.conflits.ch\/fpce\/index.php\/wp-json\/wp\/v2\/users\/1"}],"replies":[{"embeddable":true,"href":"https:\/\/www.conflits.ch\/fpce\/index.php\/wp-json\/wp\/v2\/comments?post=51"}],"version-history":[{"count":6,"href":"https:\/\/www.conflits.ch\/fpce\/index.php\/wp-json\/wp\/v2\/pages\/51\/revisions"}],"predecessor-version":[{"id":968,"href":"https:\/\/www.conflits.ch\/fpce\/index.php\/wp-json\/wp\/v2\/pages\/51\/revisions\/968"}],"up":[{"embeddable":true,"href":"https:\/\/www.conflits.ch\/fpce\/index.php\/wp-json\/wp\/v2\/pages\/37"}],"wp:attachment":[{"href":"https:\/\/www.conflits.ch\/fpce\/index.php\/wp-json\/wp\/v2\/media?parent=51"}],"curies":[{"name":"wp","href":"https:\/\/api.w.org\/{rel}","templated":true}]}}