{"id":44,"date":"2016-04-08T06:46:44","date_gmt":"2016-04-08T05:46:44","guid":{"rendered":"http:\/\/www.conflits.ch\/fpce\/?page_id=44"},"modified":"2025-08-20T16:48:00","modified_gmt":"2025-08-20T15:48:00","slug":"prix","status":"publish","type":"page","link":"https:\/\/www.conflits.ch\/fpce\/index.php\/prix\/","title":{"rendered":"Prix"},"content":{"rendered":"<p>Le prix de la FPCE (valable d\u00e8s le 1er octobre 2021) est constitu\u00e9 comme suit :<\/p>\n<ul>\n<li style=\"list-style-type: none;\">\n<ul>\n<li>Frais de dossier : CHF 300.-<\/li>\n<li>18 jours de cours \u00e0 CHF 260.- = CHF 4680.-<\/li>\n<li>2 jours de cours unique \u00e0 CHF 300.-<\/li>\n<li>1 atelier de 2 jours co-anim\u00e9 \u00e0 CHF 720.-<\/li>\n<\/ul>\n<\/li>\n<\/ul>\n<p style=\"padding-left: 80px;\">Soit un total de <strong><span style=\"color: #0000ff;\">CHF 6300.-<\/span><\/strong><\/p>\n<p>Pour les \u00e9tudiants qui le souhaitent, il est propos\u00e9 6 heures d&rsquo;assistance \u00e0 la mise en \u0153uvre<\/p>\n<ul>\n<li><em>6 h d&rsquo;assistance individuelle \u00e0 la mise en \u0153uvre de la fonction : 6 * CHF 200.- = 1200.-<\/em><\/li>\n<\/ul>\n<p style=\"padding-left: 40px;\">Soit un total de <strong><span style=\"color: #0000ff;\">CHF 7&rsquo;500.-<\/span><\/strong><\/p>\n<p style=\"padding-left: 40px;\"><em>Un rabais de 10% <strong>sur les cours et l&rsquo;assistance individuelle <\/strong>(CHF 750.-) est consenti aux \u00e9tudiants qui souscrivent en une fois \u00e0 l&rsquo;int\u00e9gralit\u00e9 de la formation, inclus les heures d&rsquo;assistance individuelle, soit un total de <span style=\"color: #0000ff;\"><strong>CHF 6&rsquo;750.-<\/strong><\/span><\/em><\/p>\n<p><span class=\"normal\">L&rsquo;ouvrage <a href=\"http:\/\/souscription.ch\/\">\u00ab\u00a0M\u00e9diation\u00a0\u00bb<\/a> de Florence Studer et Marc Rosset est gracieusement offert aux participants<\/span><\/p>\n\n\n<p><\/p>\n","protected":false},"excerpt":{"rendered":"<p>Le prix de la FPCE (valable d\u00e8s le 1er octobre 2021) est constitu\u00e9 comme suit : Frais de dossier : CHF 300.- 18 jours de cours \u00e0 CHF 260.- = CHF 4680.- 2 jours de cours unique \u00e0 CHF 300.- 1 atelier de 2 jours co-anim\u00e9 \u00e0 CHF 720.- Soit un total de CHF 6300.- Pour les \u00e9tudiants qui le&hellip;<\/p>\n<p class=\"more-link-wrapper\"><a class=\"more-link\" href=\"https:\/\/www.conflits.ch\/fpce\/index.php\/prix\/\">Continue<\/a><\/p>\n","protected":false},"author":1,"featured_media":0,"parent":0,"menu_order":0,"comment_status":"closed","ping_status":"closed","template":"","meta":{"footnotes":""},"class_list":["post-44","page","type-page","status-publish","hentry"],"_links":{"self":[{"href":"https:\/\/www.conflits.ch\/fpce\/index.php\/wp-json\/wp\/v2\/pages\/44","targetHints":{"allow":["GET"]}}],"collection":[{"href":"https:\/\/www.conflits.ch\/fpce\/index.php\/wp-json\/wp\/v2\/pages"}],"about":[{"href":"https:\/\/www.conflits.ch\/fpce\/index.php\/wp-json\/wp\/v2\/types\/page"}],"author":[{"embeddable":true,"href":"https:\/\/www.conflits.ch\/fpce\/index.php\/wp-json\/wp\/v2\/users\/1"}],"replies":[{"embeddable":true,"href":"https:\/\/www.conflits.ch\/fpce\/index.php\/wp-json\/wp\/v2\/comments?post=44"}],"version-history":[{"count":22,"href":"https:\/\/www.conflits.ch\/fpce\/index.php\/wp-json\/wp\/v2\/pages\/44\/revisions"}],"predecessor-version":[{"id":1174,"href":"https:\/\/www.conflits.ch\/fpce\/index.php\/wp-json\/wp\/v2\/pages\/44\/revisions\/1174"}],"wp:attachment":[{"href":"https:\/\/www.conflits.ch\/fpce\/index.php\/wp-json\/wp\/v2\/media?parent=44"}],"curies":[{"name":"wp","href":"https:\/\/api.w.org\/{rel}","templated":true}]}}