{"id":371,"date":"2019-03-30T14:29:25","date_gmt":"2019-03-30T13:29:25","guid":{"rendered":"http:\/\/www.conflits.ch\/fpce\/?page_id=371"},"modified":"2024-10-12T20:12:22","modified_gmt":"2024-10-12T19:12:22","slug":"la-posture-en-entretien-ressentis-resonances-et-outils","status":"publish","type":"page","link":"https:\/\/www.conflits.ch\/fpce\/index.php\/la-posture-en-entretien-ressentis-resonances-et-outils\/","title":{"rendered":"Moi, PCE &#8230;"},"content":{"rendered":"\n<p><strong>Dates<\/strong><\/p>\n\n\n\n<p>Disponibles <a href=\"https:\/\/www.conflits.ch\/fpce\/index.php\/agenda\/\" data-type=\"page\" data-id=\"96\">dans l&rsquo;agenda<\/a><\/p>\n\n\n\n<p><\/p>\n\n\n\n<p><strong>Objectifs et Contenu<\/strong><\/p>\n\n\n\n<p>Le fait de communiquer, c&rsquo;est \u00e0 dire d&rsquo;\u00e9tablir une relation avec quelqu&rsquo;un, n\u00e9cessite d&rsquo;une part la mise en \u0153uvre d&rsquo;outils techniques, et implique d&rsquo;autre part de mani\u00e8re directe sa propre personnalit\u00e9, ce que l&rsquo;on est. La posture en entretien, notamment celle de la PCE, est essentielle. Qui suis-je? Quels sont mes ressentis? Mes r\u00e9sonances? <\/p>\n\n\n\n<p>Renforcer\nsa communication interpersonnelle et ses comp\u00e9tences relationnelles.<\/p>\n\n\n\n<p>Quelques\npistes vous sont propos\u00e9es:<\/p>\n\n\n\n<ul class=\"wp-block-list\">\n<li>Hypnose<br>Eriksonienne<\/li>\n\n\n\n<li>PNL<\/li>\n\n\n\n<li>Syst\u00e9mique<\/li>\n<\/ul>\n\n\n\n<p><strong>M\u00e9thodes d&rsquo;enseignement<\/strong><\/p>\n\n\n\n<p>Des\nsp\u00e9cialistes de ces diff\u00e9rents domaines viendront vous pr\u00e9senter leurs\nbranches.<\/p>\n\n\n\n<p>Des\nmises en situation seront propos\u00e9es durant ces 2 jours.<\/p>\n\n\n\n<p><strong>Pour qui ?<\/strong><\/p>\n\n\n\n<p>Pour\ntoutes les personnes actives dans le conseil, l&rsquo;accompagnement, le management,\nla p\u00e9dagogie &#8230; Pour toutes les personnes ayant de l&rsquo;int\u00e9r\u00eat pour la\nconnaissance de soi et la communication. Ce module est obligatoire pour tous\nles participants \u00e0 la formation compl\u00e8te de PCE \u00e0 partir du mois de juillet\n2019.<\/p>\n\n\n\n<p><strong>Dur\u00e9e<\/strong><\/p>\n\n\n\n<p>2\njours entre 9h15 &#8211; 12h30, 14h00 &#8211; 17h00<\/p>\n\n\n\n<p><strong>Lieu<\/strong><\/p>\n\n\n\n<p>Le lieu du cours vous sera pr\u00e9cis\u00e9 sur la confirmation d&rsquo;inscription que vous recevrez par courriel. En principe Yverdon<\/p>\n\n\n\n<p><strong>Prix<\/strong><\/p>\n\n\n\n<p>CHF 520.00 par participant, repas non compris.<\/p>\n\n\n\n<p><\/p>\n\n\n\n<p><strong>Inscription<\/strong><\/p>\n\n\n\n<p><strong><a href=\"http:\/\/www.conflits.ch\/fpce\/index.php\/inscription\/\">En utilisant le formulaire \u00e0 disposition sur le site<\/a><\/strong><\/p>\n\n\n\n<p><strong>Attestation et reconnaissance<\/strong><\/p>\n\n\n\n<p>Les\nparticipants re\u00e7oivent \u00e0 la fin du module une attestation de participation. Ce\nmodule fait partie int\u00e9grante (\u00e0 partir de juillet 2019) des cours de la\nFormation de Personne de Confiance en Entreprise.<\/p>\n","protected":false},"excerpt":{"rendered":"<p>Dates Disponibles dans l&rsquo;agenda Objectifs et Contenu Le fait de communiquer, c&rsquo;est \u00e0 dire d&rsquo;\u00e9tablir une relation avec quelqu&rsquo;un, n\u00e9cessite d&rsquo;une part la mise en \u0153uvre d&rsquo;outils techniques, et implique d&rsquo;autre part de mani\u00e8re directe sa propre personnalit\u00e9, ce que l&rsquo;on est. La posture en entretien, notamment celle de la PCE, est essentielle. Qui suis-je? Quels sont mes ressentis? Mes&hellip;<\/p>\n<p class=\"more-link-wrapper\"><a class=\"more-link\" href=\"https:\/\/www.conflits.ch\/fpce\/index.php\/la-posture-en-entretien-ressentis-resonances-et-outils\/\">Continue<\/a><\/p>\n","protected":false},"author":1,"featured_media":0,"parent":0,"menu_order":0,"comment_status":"closed","ping_status":"closed","template":"","meta":{"footnotes":""},"class_list":["post-371","page","type-page","status-publish","hentry"],"_links":{"self":[{"href":"https:\/\/www.conflits.ch\/fpce\/index.php\/wp-json\/wp\/v2\/pages\/371","targetHints":{"allow":["GET"]}}],"collection":[{"href":"https:\/\/www.conflits.ch\/fpce\/index.php\/wp-json\/wp\/v2\/pages"}],"about":[{"href":"https:\/\/www.conflits.ch\/fpce\/index.php\/wp-json\/wp\/v2\/types\/page"}],"author":[{"embeddable":true,"href":"https:\/\/www.conflits.ch\/fpce\/index.php\/wp-json\/wp\/v2\/users\/1"}],"replies":[{"embeddable":true,"href":"https:\/\/www.conflits.ch\/fpce\/index.php\/wp-json\/wp\/v2\/comments?post=371"}],"version-history":[{"count":9,"href":"https:\/\/www.conflits.ch\/fpce\/index.php\/wp-json\/wp\/v2\/pages\/371\/revisions"}],"predecessor-version":[{"id":1092,"href":"https:\/\/www.conflits.ch\/fpce\/index.php\/wp-json\/wp\/v2\/pages\/371\/revisions\/1092"}],"wp:attachment":[{"href":"https:\/\/www.conflits.ch\/fpce\/index.php\/wp-json\/wp\/v2\/media?parent=371"}],"curies":[{"name":"wp","href":"https:\/\/api.w.org\/{rel}","templated":true}]}}