{"id":26,"date":"2016-03-22T00:04:58","date_gmt":"2016-03-21T23:04:58","guid":{"rendered":"http:\/\/www.conflits.ch\/fpce\/?page_id=26"},"modified":"2024-02-25T15:29:14","modified_gmt":"2024-02-25T14:29:14","slug":"enseignants","status":"publish","type":"page","link":"https:\/\/www.conflits.ch\/fpce\/index.php\/enseignants\/","title":{"rendered":"Enseignants"},"content":{"rendered":"<p class=\"gras\"><strong><a class=\"lien\" href=\"https:\/\/marc-rosset.ch\/\">Marc Rosset<\/a>\u00a0: <\/strong>M\u00e9diateur Professionnel <a href=\"http:\/\/csmp.ch\/\">CSMP\u00ae<\/a>, Psychologue de formation initiale ayant compl\u00e9t\u00e9 son cursus par un grade universitaire en gestion d\u2019entreprise et par une longue exp\u00e9rience en management et gestion RH. Formateur en M\u00e9diation. A d\u00e9velopp\u00e9 une pratique intensive de l&rsquo;audit social et depuis peu un <a href=\"https:\/\/ceraliddes.ch\">atelier de c\u00e9ramique<\/a><\/p>\n<p class=\"gras\"><a href=\"https:\/\/marc-rosset.ch\/\">https:\/\/marc-rosset.ch<\/a><\/p>\n<p class=\"gras\"><span class=\"normal\"><strong><a class=\"lien\" href=\"http:\/\/conflits.ch\/anne.htm\">Anne Bersier<\/a>\u00a0: <\/strong>M\u00e9diatrice Professionnelle Ind\u00e9pendante (FSM). Titulaire d\u2019une licence en droit de l\u2019universit\u00e9 de Fribourg avec exp\u00e9riences professionnelles dans le domaine des ressources humaines. Exerce en qualit\u00e9 de m\u00e9diatrice professionnelle essentiellement dans le milieu de l\u2019entreprise. Formatrice en M\u00e9diation.<\/span><\/p>\n","protected":false},"excerpt":{"rendered":"<p>Marc Rosset\u00a0: M\u00e9diateur Professionnel CSMP\u00ae, Psychologue de formation initiale ayant compl\u00e9t\u00e9 son cursus par un grade universitaire en gestion d\u2019entreprise et par une longue exp\u00e9rience en management et gestion RH. Formateur en M\u00e9diation. A d\u00e9velopp\u00e9 une pratique intensive de l&rsquo;audit social et depuis peu un atelier de c\u00e9ramique https:\/\/marc-rosset.ch Anne Bersier\u00a0: M\u00e9diatrice Professionnelle Ind\u00e9pendante (FSM). Titulaire d\u2019une licence en droit&hellip;<\/p>\n<p class=\"more-link-wrapper\"><a class=\"more-link\" href=\"https:\/\/www.conflits.ch\/fpce\/index.php\/enseignants\/\">Continue<\/a><\/p>\n","protected":false},"author":1,"featured_media":0,"parent":0,"menu_order":0,"comment_status":"closed","ping_status":"closed","template":"","meta":{"footnotes":""},"class_list":["post-26","page","type-page","status-publish","hentry"],"_links":{"self":[{"href":"https:\/\/www.conflits.ch\/fpce\/index.php\/wp-json\/wp\/v2\/pages\/26","targetHints":{"allow":["GET"]}}],"collection":[{"href":"https:\/\/www.conflits.ch\/fpce\/index.php\/wp-json\/wp\/v2\/pages"}],"about":[{"href":"https:\/\/www.conflits.ch\/fpce\/index.php\/wp-json\/wp\/v2\/types\/page"}],"author":[{"embeddable":true,"href":"https:\/\/www.conflits.ch\/fpce\/index.php\/wp-json\/wp\/v2\/users\/1"}],"replies":[{"embeddable":true,"href":"https:\/\/www.conflits.ch\/fpce\/index.php\/wp-json\/wp\/v2\/comments?post=26"}],"version-history":[{"count":9,"href":"https:\/\/www.conflits.ch\/fpce\/index.php\/wp-json\/wp\/v2\/pages\/26\/revisions"}],"predecessor-version":[{"id":1019,"href":"https:\/\/www.conflits.ch\/fpce\/index.php\/wp-json\/wp\/v2\/pages\/26\/revisions\/1019"}],"wp:attachment":[{"href":"https:\/\/www.conflits.ch\/fpce\/index.php\/wp-json\/wp\/v2\/media?parent=26"}],"curies":[{"name":"wp","href":"https:\/\/api.w.org\/{rel}","templated":true}]}}