{"id":2,"date":"2016-01-18T09:29:52","date_gmt":"2016-01-18T08:29:52","guid":{"rendered":"http:\/\/www.conflits.ch\/fpce\/?page_id=2"},"modified":"2021-07-27T22:39:25","modified_gmt":"2021-07-27T21:39:25","slug":"page-d-exemple","status":"publish","type":"page","link":"https:\/\/www.conflits.ch\/fpce\/index.php\/page-d-exemple\/","title":{"rendered":"Contenu de la FPCE"},"content":{"rendered":"<p class=\"normal\"><strong>&#8211; Introduction \u00e0 la FPCE (1 jour) *<\/strong><br \/>\n<strong> &#8211; Initiation \u00e0 la m\u00e9diation (2 jours) *<\/strong><\/p>\n<p>&#8211; M\u00e9diation dans le cadre de conflits professionnels (2 jours)<br \/>\n&#8211; Technique de l&rsquo;entretien individuel (2 jours)<br \/>\n&#8211; Fondements psychologiques de la m\u00e9diation et du conflits (2 jours)<br \/>\n&#8211; M\u00e9diation de Groupe (2 jours)<br \/>\n&#8211; Bases en droit du travail et Harc\u00e8lement psychologique et sexuel (2 jours)<br \/>\n&#8211; Mise en \u0153uvre de la fonction (Management, communication) (2 jours)<br \/>\n&#8211; Pr\u00e9sentation d&rsquo;autres ressources et de structures existantes (2 jours)<br \/>\n&#8211; Atelier de lecture et expos\u00e9s (1 jour)<br \/>\n&#8211; Moi, PCE (2 jours)<br \/>\n&#8211; Un atelier pr\u00e9vention et \u00e9thique de la PCE (2 jours)<\/p>\n<p>* Il est imp\u00e9ratif de commencer par ces deux cours, les autres peuvent \u00eatre pris dans le d\u00e9sordre et sur une dur\u00e9e plus \u00e9tal\u00e9e<\/p>\n<p><span class=\"normal\">(les modules peuvent aussi \u00eatre d\u00e9cal\u00e9s dans le temps en fonction des besoins de l&rsquo;\u00e9tudiant)<\/span><\/p>\n<p>Le total des jours de formation s&rsquo;\u00e9l\u00e8ve \u00e0 <span class=\"gras\">22 jours<br \/>\n<\/span><\/p>\n<p>il est r\u00e9sum\u00e9 sur <span class=\"gras\">le <a href=\"https:\/\/www.conflits.ch\/fpce\/wp-content\/uploads\/2021\/07\/2021_suivi_individuel.pdf\">document de suivi individuel<\/a><\/span><\/p>\n<p><strong>Charge \u00e0 l&rsquo;\u00e9tudiant de faire signer ce document lors de chaque cours<\/strong><\/p>\n<p class=\"normal\">Le cursus global inclut, facultativement, une assistance individuelle \u00e0 la mise en \u0153uvre de 6 heures.<\/p>\n","protected":false},"excerpt":{"rendered":"<p>&#8211; Introduction \u00e0 la FPCE (1 jour) * &#8211; Initiation \u00e0 la m\u00e9diation (2 jours) * &#8211; M\u00e9diation dans le cadre de conflits professionnels (2 jours) &#8211; Technique de l&rsquo;entretien individuel (2 jours) &#8211; Fondements psychologiques de la m\u00e9diation et du conflits (2 jours) &#8211; M\u00e9diation de Groupe (2 jours) &#8211; Bases en droit du travail et Harc\u00e8lement psychologique et&hellip;<\/p>\n<p class=\"more-link-wrapper\"><a class=\"more-link\" href=\"https:\/\/www.conflits.ch\/fpce\/index.php\/page-d-exemple\/\">Continue<\/a><\/p>\n","protected":false},"author":1,"featured_media":0,"parent":0,"menu_order":0,"comment_status":"closed","ping_status":"open","template":"","meta":{"footnotes":""},"class_list":["post-2","page","type-page","status-publish","hentry"],"_links":{"self":[{"href":"https:\/\/www.conflits.ch\/fpce\/index.php\/wp-json\/wp\/v2\/pages\/2","targetHints":{"allow":["GET"]}}],"collection":[{"href":"https:\/\/www.conflits.ch\/fpce\/index.php\/wp-json\/wp\/v2\/pages"}],"about":[{"href":"https:\/\/www.conflits.ch\/fpce\/index.php\/wp-json\/wp\/v2\/types\/page"}],"author":[{"embeddable":true,"href":"https:\/\/www.conflits.ch\/fpce\/index.php\/wp-json\/wp\/v2\/users\/1"}],"replies":[{"embeddable":true,"href":"https:\/\/www.conflits.ch\/fpce\/index.php\/wp-json\/wp\/v2\/comments?post=2"}],"version-history":[{"count":20,"href":"https:\/\/www.conflits.ch\/fpce\/index.php\/wp-json\/wp\/v2\/pages\/2\/revisions"}],"predecessor-version":[{"id":654,"href":"https:\/\/www.conflits.ch\/fpce\/index.php\/wp-json\/wp\/v2\/pages\/2\/revisions\/654"}],"wp:attachment":[{"href":"https:\/\/www.conflits.ch\/fpce\/index.php\/wp-json\/wp\/v2\/media?parent=2"}],"curies":[{"name":"wp","href":"https:\/\/api.w.org\/{rel}","templated":true}]}}