{"id":185,"date":"2017-01-11T16:53:52","date_gmt":"2017-01-11T15:53:52","guid":{"rendered":"http:\/\/www.conflits.ch\/fpce\/?page_id=185"},"modified":"2023-11-05T17:19:54","modified_gmt":"2023-11-05T16:19:54","slug":"connaissances-de-base-en-droit-du-travail-facultatif","status":"publish","type":"page","link":"https:\/\/www.conflits.ch\/fpce\/index.php\/cours\/connaissances-de-base-en-droit-du-travail-facultatif\/","title":{"rendered":"Connaissances de base en droit du travail"},"content":{"rendered":"<p class=\"normal\"><strong>Objectifs<\/strong> <strong>et Contenu<\/strong><\/p>\n<p class=\"normal\" style=\"padding-left: 30px;\">La PCE, dans son activit\u00e9 est souvent confront\u00e9e \u00e0 des questions ayant trait au droit du travail. Ce cours vise \u00e0 fournir aux participants les \u00e9l\u00e9ments essentiels en la mati\u00e8re.<br \/>\nCe cours est coupl\u00e9 avec <a href=\"https:\/\/www.conflits.ch\/fpce\/index.php\/cours\/harcelement\/\">le cours sur le harc\u00e8lement<\/a><\/p>\n<p class=\"gras\"><span class=\"normal\"><strong>M\u00e9thode d\u2019enseignement<\/strong><\/span><\/p>\n<p style=\"padding-left: 30px;\"><span class=\"normal\">L\u2019ensemble des aspects \u00e9voqu\u00e9s ci-dessus est trait\u00e9 en th\u00e9orie et en pratique.<\/span> Le fil rouge est constitu\u00e9 des questions les plus fr\u00e9quentes auxquelles est confront\u00e9e une PCE.<\/p>\n<p class=\"normal\"><strong>Dates<\/strong><\/p>\n<p class=\"normal\" style=\"padding-left: 30px;\">disponibles <strong><a href=\"http:\/\/www.conflits.ch\/fpce\/index.php\/agenda\/\">dans l&rsquo;agenda<\/a><\/strong><\/p>\n<p class=\"gras\"><span class=\"normal\"><strong> Dur\u00e9e<\/strong><\/span><\/p>\n<p class=\"gras\" style=\"padding-left: 30px;\"><span class=\"normal\">2 jours = 1 journ\u00e9e (+ 1 jour harc\u00e8lement) <\/span><\/p>\n<p class=\"gras\"><span class=\"normal\"><strong> Nombre de participants<\/strong><\/span><\/p>\n<p class=\"gras\" style=\"padding-left: 30px;\"><span class=\"normal\">Minimum : 6 personnes \/ Maximum : 16 personnes <\/span><\/p>\n<p class=\"gras\"><span class=\"normal\"><strong>Prix <\/strong><\/span><\/p>\n<p class=\"gras\" style=\"padding-left: 30px;\"><span class=\"normal\">CHF 520.- par participant, (repas non-compris),<br \/>\nMontant \u00e0 verser sur le CCP CCP 15-285132-1<br \/>\nIBAN CH63 0900 0000 1528 5132 1<br \/>\nau nom de Undercontrol S\u00e0rl, avant le d\u00e9but du module.<br \/>\n<\/span><\/p>\n<p class=\"gras\"><span class=\"normal\"><strong>Horaire<\/strong><\/span><\/p>\n<p class=\"gras\" style=\"padding-left: 30px;\"><span class=\"normal\">L&rsquo;horaire du cours est 9h15 \u2013 12h30 et 14h00 \u2013 17h00 <\/span><\/p>\n<p class=\"gras\"><span class=\"normal\"><strong> Lieu<\/strong><\/span><\/p>\n<p class=\"gras\" style=\"padding-left: 30px;\"><span class=\"normal\">Le lieu pr\u00e9cis du cours est annonc\u00e9 sur la confirmation d&rsquo;inscription que vous recevrez par e-mail. En principe Yverdon<br \/>\n<\/span><\/p>\n<p class=\"gras\"><span class=\"normal\"><strong> Inscription<\/strong><\/span><\/p>\n<p class=\"gras\" style=\"padding-left: 30px;\"><span class=\"normal\"><a href=\"https:\/\/www.conflits.ch\/fpce\/index.php\/formulaire-dinscription\/\"><strong>En utilisant le formulaire \u00e0 disposition sur le site<\/strong>.<\/a>\u00a0<\/span><\/p>\n<p class=\"lien\"><strong><span class=\"gras\">Pr\u00e9requis<\/span><\/strong><\/p>\n<p class=\"lien\" style=\"padding-left: 30px;\"><span class=\"normal\">Aucun<\/span><\/p>\n","protected":false},"excerpt":{"rendered":"<p>Objectifs et Contenu La PCE, dans son activit\u00e9 est souvent confront\u00e9e \u00e0 des questions ayant trait au droit du travail. Ce cours vise \u00e0 fournir aux participants les \u00e9l\u00e9ments essentiels en la mati\u00e8re. Ce cours est coupl\u00e9 avec le cours sur le harc\u00e8lement M\u00e9thode d\u2019enseignement L\u2019ensemble des aspects \u00e9voqu\u00e9s ci-dessus est trait\u00e9 en th\u00e9orie et en pratique. Le fil rouge&hellip;<\/p>\n<p class=\"more-link-wrapper\"><a class=\"more-link\" href=\"https:\/\/www.conflits.ch\/fpce\/index.php\/cours\/connaissances-de-base-en-droit-du-travail-facultatif\/\">Continue<\/a><\/p>\n","protected":false},"author":1,"featured_media":0,"parent":37,"menu_order":0,"comment_status":"closed","ping_status":"closed","template":"","meta":{"footnotes":""},"class_list":["post-185","page","type-page","status-publish","hentry"],"_links":{"self":[{"href":"https:\/\/www.conflits.ch\/fpce\/index.php\/wp-json\/wp\/v2\/pages\/185","targetHints":{"allow":["GET"]}}],"collection":[{"href":"https:\/\/www.conflits.ch\/fpce\/index.php\/wp-json\/wp\/v2\/pages"}],"about":[{"href":"https:\/\/www.conflits.ch\/fpce\/index.php\/wp-json\/wp\/v2\/types\/page"}],"author":[{"embeddable":true,"href":"https:\/\/www.conflits.ch\/fpce\/index.php\/wp-json\/wp\/v2\/users\/1"}],"replies":[{"embeddable":true,"href":"https:\/\/www.conflits.ch\/fpce\/index.php\/wp-json\/wp\/v2\/comments?post=185"}],"version-history":[{"count":10,"href":"https:\/\/www.conflits.ch\/fpce\/index.php\/wp-json\/wp\/v2\/pages\/185\/revisions"}],"predecessor-version":[{"id":965,"href":"https:\/\/www.conflits.ch\/fpce\/index.php\/wp-json\/wp\/v2\/pages\/185\/revisions\/965"}],"up":[{"embeddable":true,"href":"https:\/\/www.conflits.ch\/fpce\/index.php\/wp-json\/wp\/v2\/pages\/37"}],"wp:attachment":[{"href":"https:\/\/www.conflits.ch\/fpce\/index.php\/wp-json\/wp\/v2\/media?parent=185"}],"curies":[{"name":"wp","href":"https:\/\/api.w.org\/{rel}","templated":true}]}}